{"id":1664,"date":"2026-03-29T13:55:07","date_gmt":"2026-03-29T13:55:07","guid":{"rendered":"https:\/\/cenderhotel.com.tr\/?page_id=1664"},"modified":"2026-04-04T15:12:59","modified_gmt":"2026-04-04T15:12:59","slug":"aile-odasi","status":"publish","type":"page","link":"https:\/\/cenderhotel.com.tr\/?page_id=1664","title":{"rendered":"Aile Odas\u0131"},"content":{"rendered":"\t\t<div data-elementor-type=\"wp-page\" data-elementor-id=\"1664\" class=\"elementor elementor-1664\" data-elementor-post-type=\"page\">\n\t\t\t\t<div class=\"elementor-element elementor-element-b387eca e-flex e-con-boxed e-con e-parent\" data-id=\"b387eca\" data-element_type=\"container\" data-e-type=\"container\" id=\"packages\" data-settings=\"{&quot;background_background&quot;:&quot;classic&quot;}\">\n\t\t\t\t\t<div class=\"e-con-inner\">\n\t\t<div class=\"elementor-element elementor-element-4942386 e-con-full e-flex e-con e-child\" data-id=\"4942386\" data-element_type=\"container\" data-e-type=\"container\" data-settings=\"{&quot;background_background&quot;:&quot;classic&quot;}\">\n\t\t\t\t<div class=\"elementor-element elementor-element-2a3f66b elementor-widget elementor-widget-heading\" data-id=\"2a3f66b\" data-element_type=\"widget\" data-e-type=\"widget\" data-widget_type=\"heading.default\">\n\t\t\t\t<div class=\"elementor-widget-container\">\n\t\t\t\t\t<h2 class=\"elementor-heading-title elementor-size-default\">Aile S\u00fcit Odas\u0131\u200b<\/h2>\t\t\t\t<\/div>\n\t\t\t\t<\/div>\n\t\t\t\t<\/div>\n\t\t\t\t\t<\/div>\n\t\t\t\t<\/div>\n\t\t<div class=\"elementor-element elementor-element-c429310 e-flex e-con-boxed e-con e-parent\" data-id=\"c429310\" data-element_type=\"container\" data-e-type=\"container\" data-settings=\"{&quot;background_background&quot;:&quot;classic&quot;}\">\n\t\t\t\t\t<div class=\"e-con-inner\">\n\t\t<div class=\"elementor-element elementor-element-7b0b1c9 e-con-full e-flex e-con e-child\" data-id=\"7b0b1c9\" data-element_type=\"container\" data-e-type=\"container\">\n\t\t<div class=\"elementor-element elementor-element-06dcd77 e-flex e-con-boxed e-con e-child\" data-id=\"06dcd77\" data-element_type=\"container\" data-e-type=\"container\" data-settings=\"{&quot;background_background&quot;:&quot;classic&quot;}\">\n\t\t\t\t\t<div class=\"e-con-inner\">\n\t\t<div class=\"elementor-element elementor-element-cd93d6a e-con-full e-flex e-con e-child\" data-id=\"cd93d6a\" data-element_type=\"container\" data-e-type=\"container\" data-settings=\"{&quot;background_background&quot;:&quot;classic&quot;}\">\n\t\t\t\t<div class=\"elementor-element elementor-element-55d3e8e elementor-widget elementor-widget-spacer\" data-id=\"55d3e8e\" data-element_type=\"widget\" data-e-type=\"widget\" data-widget_type=\"spacer.default\">\n\t\t\t\t<div class=\"elementor-widget-container\">\n\t\t\t\t\t\t\t<div class=\"elementor-spacer\">\n\t\t\t<div class=\"elementor-spacer-inner\"><\/div>\n\t\t<\/div>\n\t\t\t\t\t\t<\/div>\n\t\t\t\t<\/div>\n\t\t\t\t<\/div>\n\t\t<div class=\"elementor-element elementor-element-cda7006 e-con-full e-flex e-con e-child\" data-id=\"cda7006\" data-element_type=\"container\" data-e-type=\"container\">\n\t\t\t\t<div class=\"elementor-element elementor-element-f2b732a elementor-widget elementor-widget-text-editor\" data-id=\"f2b732a\" data-element_type=\"widget\" data-e-type=\"widget\" data-widget_type=\"text-editor.default\">\n\t\t\t\t<div class=\"elementor-widget-container\">\n\t\t\t\t\t\t\t\t\t<p data-start=\"58\" data-end=\"162\">Koridordan tek kap\u0131yla girilen odalar\u0131m\u0131zda i\u00e7 kap\u0131yla ayr\u0131lm\u0131\u015f 2 oda mevcuttur. Giri\u015f k\u0131sm\u0131nda 2 adet tek ki\u015filik yatak, ikinci odada ise 1 adet iki ki\u015filik b\u00fcy\u00fck yatak bulunmaktad\u0131r.<\/p>\t\t\t\t\t\t\t\t<\/div>\n\t\t\t\t<\/div>\n\t\t\t\t<div class=\"elementor-element elementor-element-beb95a4 elementor-widget elementor-widget-text-editor\" data-id=\"beb95a4\" data-element_type=\"widget\" data-e-type=\"widget\" data-widget_type=\"text-editor.default\">\n\t\t\t\t<div class=\"elementor-widget-container\">\n\t\t\t\t\t\t\t\t\t<p><img decoding=\"async\" class=\"alignnone wp-image-569\" src=\"https:\/\/cenderhotel.com.tr\/wp-content\/uploads\/2021\/03\/room-service.svg\" alt=\"Room Service\" width=\"30\" height=\"30\" title=\"Aile Odas\u0131\">\u00a0<img decoding=\"async\" class=\"alignnone wp-image-573\" src=\"https:\/\/cenderhotel.com.tr\/wp-content\/uploads\/2021\/03\/wifi-connection.svg\" alt=\"Wifi Connection\" width=\"30\" height=\"30\" title=\"Aile Odas\u0131\">\u00a0<img decoding=\"async\" class=\"alignnone wp-image-571\" src=\"https:\/\/cenderhotel.com.tr\/wp-content\/uploads\/2021\/03\/hair-dryer.svg\" alt=\"Hair Dryer\" width=\"30\" height=\"30\" title=\"Aile Odas\u0131\">\u00a0<img loading=\"lazy\" decoding=\"async\" class=\"alignnone wp-image-555 size-medium\" src=\"https:\/\/cenderhotel.com.tr\/wp-content\/uploads\/2021\/03\/minibar.svg\" alt=\"Minibar\" width=\"30\" height=\"30\" title=\"Aile Odas\u0131\"> <img loading=\"lazy\" decoding=\"async\" class=\"alignnone wp-image-555 size-medium\" src=\"https:\/\/cenderhotel.com.tr\/wp-content\/uploads\/2021\/03\/air-conditioner.svg\" alt=\"Air Conditioner\" width=\"30\" height=\"30\" title=\"Aile Odas\u0131\"><br \/>\u00a0<img loading=\"lazy\" decoding=\"async\" class=\"alignnone wp-image-555 size-medium\" src=\"https:\/\/cenderhotel.com.tr\/wp-content\/uploads\/2021\/03\/safebox.svg\" alt=\"Safebox\" width=\"30\" height=\"30\" title=\"Aile Odas\u0131\"> <img loading=\"lazy\" decoding=\"async\" class=\"alignnone wp-image-555 size-medium\" src=\"https:\/\/cenderhotel.com.tr\/wp-content\/uploads\/2021\/03\/balcony.svg\" alt=\"Balcony\" width=\"30\" height=\"30\" title=\"Aile Odas\u0131\">\u00a0<img loading=\"lazy\" decoding=\"async\" class=\"alignnone wp-image-555 size-medium\" src=\"https:\/\/cenderhotel.com.tr\/wp-content\/uploads\/2021\/03\/shower.svg\" alt=\"Shower\" width=\"30\" height=\"30\" title=\"Aile Odas\u0131\"> <img loading=\"lazy\" decoding=\"async\" class=\"alignnone wp-image-555 size-medium\" src=\"https:\/\/cenderhotel.com.tr\/wp-content\/uploads\/2021\/03\/satellite.svg\" alt=\"Satellite\" width=\"30\" height=\"30\" title=\"Aile Odas\u0131\"><\/p>\t\t\t\t\t\t\t\t<\/div>\n\t\t\t\t<\/div>\n\t\t\t\t<\/div>\n\t\t\t\t\t<\/div>\n\t\t\t\t<\/div>\n\t\t<div class=\"elementor-element elementor-element-9fcb53a e-con-full e-flex e-con e-child\" data-id=\"9fcb53a\" data-element_type=\"container\" data-e-type=\"container\" data-settings=\"{&quot;background_background&quot;:&quot;classic&quot;}\">\n\t\t\t\t<div class=\"elementor-element elementor-element-aa7fb73 elementor-arrows-position-inside elementor-widget elementor-widget-image-carousel\" data-id=\"aa7fb73\" data-element_type=\"widget\" data-e-type=\"widget\" data-settings=\"{&quot;slides_to_show&quot;:&quot;4&quot;,&quot;slides_to_show_tablet&quot;:&quot;3&quot;,&quot;slides_to_show_mobile&quot;:&quot;1&quot;,&quot;slides_to_scroll&quot;:&quot;1&quot;,&quot;navigation&quot;:&quot;arrows&quot;,&quot;autoplay_speed&quot;:4000,&quot;speed&quot;:1000,&quot;image_spacing_custom&quot;:{&quot;unit&quot;:&quot;px&quot;,&quot;size&quot;:30,&quot;sizes&quot;:[]},&quot;autoplay&quot;:&quot;yes&quot;,&quot;pause_on_hover&quot;:&quot;yes&quot;,&quot;pause_on_interaction&quot;:&quot;yes&quot;,&quot;infinite&quot;:&quot;yes&quot;,&quot;image_spacing_custom_tablet&quot;:{&quot;unit&quot;:&quot;px&quot;,&quot;size&quot;:&quot;&quot;,&quot;sizes&quot;:[]}}\" data-widget_type=\"image-carousel.default\">\n\t\t\t\t<div class=\"elementor-widget-container\">\n\t\t\t\t\t\t\t<div class=\"elementor-image-carousel-wrapper swiper\" role=\"region\" aria-roledescription=\"carousel\" aria-label=\"Image Carousel\" dir=\"ltr\">\n\t\t\t<div class=\"elementor-image-carousel swiper-wrapper swiper-image-stretch\" aria-live=\"off\">\n\t\t\t\t\t\t\t\t<div class=\"swiper-slide\" role=\"group\" aria-roledescription=\"slide\" aria-label=\"1 \/ 8\"><a data-elementor-open-lightbox=\"no\" href=\"https:\/\/cenderhotel.com.tr\/wp-content\/uploads\/2026\/04\/Oda-Aile-5.jpeg\"><figure class=\"swiper-slide-inner\"><img decoding=\"async\" class=\"swiper-slide-image\" src=\"https:\/\/cenderhotel.com.tr\/wp-content\/uploads\/2026\/04\/Oda-Aile-5.jpeg\" alt=\"oda aile (5)\" title=\"Aile Odas\u0131\"><\/figure><\/a><\/div><div class=\"swiper-slide\" role=\"group\" aria-roledescription=\"slide\" aria-label=\"2 \/ 8\"><a data-elementor-open-lightbox=\"no\" href=\"https:\/\/cenderhotel.com.tr\/wp-content\/uploads\/2026\/04\/Oda-Aile-7.jpeg\"><figure class=\"swiper-slide-inner\"><img decoding=\"async\" class=\"swiper-slide-image\" src=\"https:\/\/cenderhotel.com.tr\/wp-content\/uploads\/2026\/04\/Oda-Aile-7.jpeg\" alt=\"oda aile (7)\" title=\"Aile Odas\u0131\"><\/figure><\/a><\/div><div class=\"swiper-slide\" role=\"group\" aria-roledescription=\"slide\" aria-label=\"3 \/ 8\"><a data-elementor-open-lightbox=\"no\" href=\"https:\/\/cenderhotel.com.tr\/wp-content\/uploads\/2026\/04\/Oda-Aile-8.jpeg\"><figure class=\"swiper-slide-inner\"><img decoding=\"async\" class=\"swiper-slide-image\" src=\"https:\/\/cenderhotel.com.tr\/wp-content\/uploads\/2026\/04\/Oda-Aile-8.jpeg\" alt=\"oda aile (8)\" title=\"Aile Odas\u0131\"><\/figure><\/a><\/div><div class=\"swiper-slide\" role=\"group\" aria-roledescription=\"slide\" aria-label=\"4 \/ 8\"><a data-elementor-open-lightbox=\"no\" href=\"https:\/\/cenderhotel.com.tr\/wp-content\/uploads\/2026\/04\/Oda-Banyo-1.jpeg\"><figure class=\"swiper-slide-inner\"><img decoding=\"async\" class=\"swiper-slide-image\" src=\"https:\/\/cenderhotel.com.tr\/wp-content\/uploads\/2026\/04\/Oda-Banyo-1.jpeg\" alt=\"oda banyo (1)\" title=\"Aile Odas\u0131\"><\/figure><\/a><\/div><div class=\"swiper-slide\" role=\"group\" aria-roledescription=\"slide\" aria-label=\"5 \/ 8\"><a data-elementor-open-lightbox=\"no\" href=\"https:\/\/cenderhotel.com.tr\/wp-content\/uploads\/2026\/04\/Oda-Banyo-2.jpeg\"><figure class=\"swiper-slide-inner\"><img decoding=\"async\" class=\"swiper-slide-image\" src=\"https:\/\/cenderhotel.com.tr\/wp-content\/uploads\/2026\/04\/Oda-Banyo-2.jpeg\" alt=\"oda banyo (2)\" title=\"Aile Odas\u0131\"><\/figure><\/a><\/div><div class=\"swiper-slide\" role=\"group\" aria-roledescription=\"slide\" aria-label=\"6 \/ 8\"><a data-elementor-open-lightbox=\"no\" href=\"https:\/\/cenderhotel.com.tr\/wp-content\/uploads\/2026\/04\/Oda-Aile-1.jpeg\"><figure class=\"swiper-slide-inner\"><img decoding=\"async\" class=\"swiper-slide-image\" src=\"https:\/\/cenderhotel.com.tr\/wp-content\/uploads\/2026\/04\/Oda-Aile-1.jpeg\" alt=\"oda aile (1)\" title=\"Aile Odas\u0131\"><\/figure><\/a><\/div><div class=\"swiper-slide\" role=\"group\" aria-roledescription=\"slide\" aria-label=\"7 \/ 8\"><a data-elementor-open-lightbox=\"no\" href=\"https:\/\/cenderhotel.com.tr\/wp-content\/uploads\/2026\/04\/Oda-Aile-2.jpeg\"><figure class=\"swiper-slide-inner\"><img decoding=\"async\" class=\"swiper-slide-image\" src=\"https:\/\/cenderhotel.com.tr\/wp-content\/uploads\/2026\/04\/Oda-Aile-2.jpeg\" alt=\"oda aile (2)\" title=\"Aile Odas\u0131\"><\/figure><\/a><\/div><div class=\"swiper-slide\" role=\"group\" aria-roledescription=\"slide\" aria-label=\"8 \/ 8\"><a data-elementor-open-lightbox=\"no\" href=\"https:\/\/cenderhotel.com.tr\/wp-content\/uploads\/2026\/04\/Oda-Aile-3.jpeg\"><figure class=\"swiper-slide-inner\"><img decoding=\"async\" class=\"swiper-slide-image\" src=\"https:\/\/cenderhotel.com.tr\/wp-content\/uploads\/2026\/04\/Oda-Aile-3.jpeg\" alt=\"oda aile (3)\" title=\"Aile Odas\u0131\"><\/figure><\/a><\/div>\t\t\t<\/div>\n\t\t\t\t\t\t\t\t\t\t\t\t<div class=\"elementor-swiper-button elementor-swiper-button-prev\" role=\"button\" tabindex=\"0\">\n\t\t\t\t\t\t<i aria-hidden=\"true\" class=\"eicon-chevron-left\"><\/i>\t\t\t\t\t<\/div>\n\t\t\t\t\t<div class=\"elementor-swiper-button elementor-swiper-button-next\" role=\"button\" tabindex=\"0\">\n\t\t\t\t\t\t<i aria-hidden=\"true\" class=\"eicon-chevron-right\"><\/i>\t\t\t\t\t<\/div>\n\t\t\t\t\n\t\t\t\t\t\t\t\t\t<\/div>\n\t\t\t\t\t\t<\/div>\n\t\t\t\t<\/div>\n\t\t\t\t<\/div>\n\t\t\t\t<\/div>\n\t\t\t\t\t<\/div>\n\t\t\t\t<\/div>\n\t\t\t\t<\/div>\n\t\t","protected":false},"excerpt":{"rendered":"<p>Aile S\u00fcit Odas\u0131\u200b Koridordan tek kap\u0131yla girilen odalar\u0131m\u0131zda i\u00e7 kap\u0131yla ayr\u0131lm\u0131\u015f 2 oda mevcuttur. Giri\u015f k\u0131sm\u0131nda 2 adet tek ki\u015filik yatak, ikinci odada ise 1 adet iki ki\u015filik b\u00fcy\u00fck yatak bulunmaktad\u0131r. \u00a0\u00a0\u00a0 \u00a0 \u00a0<\/p>\n","protected":false},"author":1,"featured_media":0,"parent":0,"menu_order":0,"comment_status":"closed","ping_status":"closed","template":"","meta":{"site-sidebar-layout":"no-sidebar","site-content-layout":"page-builder","ast-site-content-layout":"default","site-content-style":"default","site-sidebar-style":"default","ast-global-header-display":"","ast-banner-title-visibility":"","ast-main-header-display":"","ast-hfb-above-header-display":"","ast-hfb-below-header-display":"","ast-hfb-mobile-header-display":"","site-post-title":"disabled","ast-breadcrumbs-content":"","ast-featured-img":"disabled","footer-sml-layout":"","ast-disable-related-posts":"","theme-transparent-header-meta":"enabled","adv-header-id-meta":"","stick-header-meta":"","header-above-stick-meta":"","header-main-stick-meta":"","header-below-stick-meta":"","astra-migrate-meta-layouts":"default","ast-page-background-enabled":"default","ast-page-background-meta":{"desktop":{"background-color":"","background-image":"","background-repeat":"repeat","background-position":"center center","background-size":"auto","background-attachment":"scroll","background-type":"","background-media":"","overlay-type":"","overlay-color":"","overlay-opacity":"","overlay-gradient":""},"tablet":{"background-color":"","background-image":"","background-repeat":"repeat","background-position":"center center","background-size":"auto","background-attachment":"scroll","background-type":"","background-media":"","overlay-type":"","overlay-color":"","overlay-opacity":"","overlay-gradient":""},"mobile":{"background-color":"","background-image":"","background-repeat":"repeat","background-position":"center center","background-size":"auto","background-attachment":"scroll","background-type":"","background-media":"","overlay-type":"","overlay-color":"","overlay-opacity":"","overlay-gradient":""}},"ast-content-background-meta":{"desktop":{"background-color":"var(--ast-global-color-5)","background-image":"","background-repeat":"repeat","background-position":"center center","background-size":"auto","background-attachment":"scroll","background-type":"","background-media":"","overlay-type":"","overlay-color":"","overlay-opacity":"","overlay-gradient":""},"tablet":{"background-color":"var(--ast-global-color-5)","background-image":"","background-repeat":"repeat","background-position":"center center","background-size":"auto","background-attachment":"scroll","background-type":"","background-media":"","overlay-type":"","overlay-color":"","overlay-opacity":"","overlay-gradient":""},"mobile":{"background-color":"var(--ast-global-color-5)","background-image":"","background-repeat":"repeat","background-position":"center center","background-size":"auto","background-attachment":"scroll","background-type":"","background-media":"","overlay-type":"","overlay-color":"","overlay-opacity":"","overlay-gradient":""}},"footnotes":""},"class_list":["post-1664","page","type-page","status-publish","hentry"],"_links":{"self":[{"href":"https:\/\/cenderhotel.com.tr\/index.php?rest_route=\/wp\/v2\/pages\/1664","targetHints":{"allow":["GET"]}}],"collection":[{"href":"https:\/\/cenderhotel.com.tr\/index.php?rest_route=\/wp\/v2\/pages"}],"about":[{"href":"https:\/\/cenderhotel.com.tr\/index.php?rest_route=\/wp\/v2\/types\/page"}],"author":[{"embeddable":true,"href":"https:\/\/cenderhotel.com.tr\/index.php?rest_route=\/wp\/v2\/users\/1"}],"replies":[{"embeddable":true,"href":"https:\/\/cenderhotel.com.tr\/index.php?rest_route=%2Fwp%2Fv2%2Fcomments&post=1664"}],"version-history":[{"count":27,"href":"https:\/\/cenderhotel.com.tr\/index.php?rest_route=\/wp\/v2\/pages\/1664\/revisions"}],"predecessor-version":[{"id":2214,"href":"https:\/\/cenderhotel.com.tr\/index.php?rest_route=\/wp\/v2\/pages\/1664\/revisions\/2214"}],"wp:attachment":[{"href":"https:\/\/cenderhotel.com.tr\/index.php?rest_route=%2Fwp%2Fv2%2Fmedia&parent=1664"}],"curies":[{"name":"wp","href":"https:\/\/api.w.org\/{rel}","templated":true}]}}