{"id":1665,"date":"2026-03-29T13:54:43","date_gmt":"2026-03-29T13:54:43","guid":{"rendered":"https:\/\/cenderhotel.com.tr\/?page_id=1665"},"modified":"2026-04-04T16:00:15","modified_gmt":"2026-04-04T16:00:15","slug":"balayi-suit","status":"publish","type":"page","link":"https:\/\/cenderhotel.com.tr\/?page_id=1665","title":{"rendered":"Balay\u0131 S\u00fcit"},"content":{"rendered":"\t\t<div data-elementor-type=\"wp-page\" data-elementor-id=\"1665\" class=\"elementor elementor-1665\" data-elementor-post-type=\"page\">\n\t\t\t\t<div class=\"elementor-element elementor-element-b387eca e-flex e-con-boxed e-con e-parent\" data-id=\"b387eca\" data-element_type=\"container\" data-e-type=\"container\" id=\"packages\" data-settings=\"{&quot;background_background&quot;:&quot;classic&quot;}\">\n\t\t\t\t\t<div class=\"e-con-inner\">\n\t\t<div class=\"elementor-element elementor-element-4942386 e-con-full e-flex e-con e-child\" data-id=\"4942386\" data-element_type=\"container\" data-e-type=\"container\" data-settings=\"{&quot;background_background&quot;:&quot;classic&quot;}\">\n\t\t\t\t<div class=\"elementor-element elementor-element-2a3f66b elementor-widget elementor-widget-heading\" data-id=\"2a3f66b\" data-element_type=\"widget\" data-e-type=\"widget\" data-widget_type=\"heading.default\">\n\t\t\t\t<div class=\"elementor-widget-container\">\n\t\t\t\t\t<h2 class=\"elementor-heading-title elementor-size-default\">Balay\u0131 S\u00fcit Odas\u0131<\/h2>\t\t\t\t<\/div>\n\t\t\t\t<\/div>\n\t\t\t\t<\/div>\n\t\t\t\t\t<\/div>\n\t\t\t\t<\/div>\n\t\t<div class=\"elementor-element elementor-element-c429310 e-flex e-con-boxed e-con e-parent\" data-id=\"c429310\" data-element_type=\"container\" data-e-type=\"container\" data-settings=\"{&quot;background_background&quot;:&quot;classic&quot;}\">\n\t\t\t\t\t<div class=\"e-con-inner\">\n\t\t<div class=\"elementor-element elementor-element-7b0b1c9 e-con-full e-flex e-con e-child\" data-id=\"7b0b1c9\" data-element_type=\"container\" data-e-type=\"container\">\n\t\t<div class=\"elementor-element elementor-element-06dcd77 e-flex e-con-boxed e-con e-child\" data-id=\"06dcd77\" data-element_type=\"container\" data-e-type=\"container\" data-settings=\"{&quot;background_background&quot;:&quot;classic&quot;}\">\n\t\t\t\t\t<div class=\"e-con-inner\">\n\t\t<div class=\"elementor-element elementor-element-a10bde8 e-con-full e-flex e-con e-child\" data-id=\"a10bde8\" data-element_type=\"container\" data-e-type=\"container\" data-settings=\"{&quot;background_background&quot;:&quot;classic&quot;}\">\n\t\t\t\t<div class=\"elementor-element elementor-element-2d96438 elementor-widget elementor-widget-spacer\" data-id=\"2d96438\" data-element_type=\"widget\" data-e-type=\"widget\" data-widget_type=\"spacer.default\">\n\t\t\t\t<div class=\"elementor-widget-container\">\n\t\t\t\t\t\t\t<div class=\"elementor-spacer\">\n\t\t\t<div class=\"elementor-spacer-inner\"><\/div>\n\t\t<\/div>\n\t\t\t\t\t\t<\/div>\n\t\t\t\t<\/div>\n\t\t\t\t<\/div>\n\t\t<div class=\"elementor-element elementor-element-cda7006 e-con-full e-flex e-con e-child\" data-id=\"cda7006\" data-element_type=\"container\" data-e-type=\"container\">\n\t\t\t\t<div class=\"elementor-element elementor-element-f2b732a elementor-widget elementor-widget-text-editor\" data-id=\"f2b732a\" data-element_type=\"widget\" data-e-type=\"widget\" data-widget_type=\"text-editor.default\">\n\t\t\t\t<div class=\"elementor-widget-container\">\n\t\t\t\t\t\t\t\t\t<p data-start=\"58\" data-end=\"162\">Otelimizde 1 adet \u00f6zel dizayn edilmi\u015f balay\u0131 suiti bulunmaktad\u0131r. Otel balo salonunda yap\u0131lan d\u00fc\u011f\u00fcnlerde ve balay\u0131 tatillerinde zevkle konaklayaca\u011f\u0131n\u0131z ak deniz manzaral\u0131 bir odad\u0131r.<\/p>\t\t\t\t\t\t\t\t<\/div>\n\t\t\t\t<\/div>\n\t\t\t\t<div class=\"elementor-element elementor-element-beb95a4 elementor-widget elementor-widget-text-editor\" data-id=\"beb95a4\" data-element_type=\"widget\" data-e-type=\"widget\" data-widget_type=\"text-editor.default\">\n\t\t\t\t<div class=\"elementor-widget-container\">\n\t\t\t\t\t\t\t\t\t<p><img decoding=\"async\" class=\"alignnone wp-image-569\" src=\"https:\/\/cenderhotel.com.tr\/wp-content\/uploads\/2021\/03\/room-service.svg\" alt=\"Room Service\" width=\"30\" height=\"30\" title=\"Balay\u0131 S\u00fcit\">\u00a0<img decoding=\"async\" class=\"alignnone wp-image-573\" src=\"https:\/\/cenderhotel.com.tr\/wp-content\/uploads\/2021\/03\/wifi-connection.svg\" alt=\"Wifi Connection\" width=\"30\" height=\"30\" title=\"Balay\u0131 S\u00fcit\">\u00a0<img decoding=\"async\" class=\"alignnone wp-image-571\" src=\"https:\/\/cenderhotel.com.tr\/wp-content\/uploads\/2021\/03\/hair-dryer.svg\" alt=\"Hair Dryer\" width=\"30\" height=\"30\" title=\"Balay\u0131 S\u00fcit\">\u00a0<img loading=\"lazy\" decoding=\"async\" class=\"alignnone wp-image-555 size-medium\" src=\"https:\/\/cenderhotel.com.tr\/wp-content\/uploads\/2021\/03\/minibar.svg\" alt=\"Minibar\" width=\"30\" height=\"30\" title=\"Balay\u0131 S\u00fcit\"> <img loading=\"lazy\" decoding=\"async\" class=\"alignnone wp-image-555 size-medium\" src=\"https:\/\/cenderhotel.com.tr\/wp-content\/uploads\/2021\/03\/air-conditioner.svg\" alt=\"Air Conditioner\" width=\"30\" height=\"30\" title=\"Balay\u0131 S\u00fcit\"><br \/>\u00a0<img loading=\"lazy\" decoding=\"async\" class=\"alignnone wp-image-555 size-medium\" src=\"https:\/\/cenderhotel.com.tr\/wp-content\/uploads\/2021\/03\/safebox.svg\" alt=\"Safebox\" width=\"30\" height=\"30\" title=\"Balay\u0131 S\u00fcit\"> <img loading=\"lazy\" decoding=\"async\" class=\"alignnone wp-image-555 size-medium\" src=\"https:\/\/cenderhotel.com.tr\/wp-content\/uploads\/2021\/03\/balcony.svg\" alt=\"Balcony\" width=\"30\" height=\"30\" title=\"Balay\u0131 S\u00fcit\">\u00a0<img loading=\"lazy\" decoding=\"async\" class=\"alignnone wp-image-555 size-medium\" src=\"https:\/\/cenderhotel.com.tr\/wp-content\/uploads\/2021\/03\/shower.svg\" alt=\"Shower\" width=\"30\" height=\"30\" title=\"Balay\u0131 S\u00fcit\"> <img loading=\"lazy\" decoding=\"async\" class=\"alignnone wp-image-555 size-medium\" src=\"https:\/\/cenderhotel.com.tr\/wp-content\/uploads\/2021\/03\/satellite.svg\" alt=\"Satellite\" width=\"30\" height=\"30\" title=\"Balay\u0131 S\u00fcit\"><\/p>\t\t\t\t\t\t\t\t<\/div>\n\t\t\t\t<\/div>\n\t\t\t\t<\/div>\n\t\t\t\t\t<\/div>\n\t\t\t\t<\/div>\n\t\t<div class=\"elementor-element elementor-element-9fcb53a e-con-full e-flex e-con e-child\" data-id=\"9fcb53a\" data-element_type=\"container\" data-e-type=\"container\" data-settings=\"{&quot;background_background&quot;:&quot;classic&quot;}\">\n\t\t\t\t<div class=\"elementor-element elementor-element-aa7fb73 elementor-arrows-position-inside elementor-widget elementor-widget-image-carousel\" data-id=\"aa7fb73\" data-element_type=\"widget\" data-e-type=\"widget\" data-settings=\"{&quot;slides_to_show&quot;:&quot;4&quot;,&quot;slides_to_show_tablet&quot;:&quot;3&quot;,&quot;slides_to_show_mobile&quot;:&quot;1&quot;,&quot;slides_to_scroll&quot;:&quot;1&quot;,&quot;navigation&quot;:&quot;arrows&quot;,&quot;autoplay_speed&quot;:4000,&quot;speed&quot;:1000,&quot;image_spacing_custom&quot;:{&quot;unit&quot;:&quot;px&quot;,&quot;size&quot;:30,&quot;sizes&quot;:[]},&quot;autoplay&quot;:&quot;yes&quot;,&quot;pause_on_hover&quot;:&quot;yes&quot;,&quot;pause_on_interaction&quot;:&quot;yes&quot;,&quot;infinite&quot;:&quot;yes&quot;,&quot;image_spacing_custom_tablet&quot;:{&quot;unit&quot;:&quot;px&quot;,&quot;size&quot;:&quot;&quot;,&quot;sizes&quot;:[]}}\" data-widget_type=\"image-carousel.default\">\n\t\t\t\t<div class=\"elementor-widget-container\">\n\t\t\t\t\t\t\t<div class=\"elementor-image-carousel-wrapper swiper\" role=\"region\" aria-roledescription=\"carousel\" aria-label=\"Image Carousel\" dir=\"ltr\">\n\t\t\t<div class=\"elementor-image-carousel swiper-wrapper swiper-image-stretch\" aria-live=\"off\">\n\t\t\t\t\t\t\t\t<div class=\"swiper-slide\" role=\"group\" aria-roledescription=\"slide\" aria-label=\"1 \/ 7\"><a data-elementor-open-lightbox=\"no\" href=\"https:\/\/cenderhotel.com.tr\/wp-content\/uploads\/2026\/04\/Oda-Balayi-1.jpeg\"><figure class=\"swiper-slide-inner\"><img decoding=\"async\" class=\"swiper-slide-image\" src=\"https:\/\/cenderhotel.com.tr\/wp-content\/uploads\/2026\/04\/Oda-Balayi-1.jpeg\" alt=\"oda balay\u0131 (1)\" title=\"Balay\u0131 S\u00fcit\"><\/figure><\/a><\/div><div class=\"swiper-slide\" role=\"group\" aria-roledescription=\"slide\" aria-label=\"2 \/ 7\"><a data-elementor-open-lightbox=\"no\" href=\"https:\/\/cenderhotel.com.tr\/wp-content\/uploads\/2026\/04\/Oda-Balayi-2.jpeg\"><figure class=\"swiper-slide-inner\"><img decoding=\"async\" class=\"swiper-slide-image\" src=\"https:\/\/cenderhotel.com.tr\/wp-content\/uploads\/2026\/04\/Oda-Balayi-2.jpeg\" alt=\"oda balay\u0131 (2)\" title=\"Balay\u0131 S\u00fcit\"><\/figure><\/a><\/div><div class=\"swiper-slide\" role=\"group\" aria-roledescription=\"slide\" aria-label=\"3 \/ 7\"><a data-elementor-open-lightbox=\"no\" href=\"https:\/\/cenderhotel.com.tr\/wp-content\/uploads\/2026\/04\/Oda-Balayi-3.jpeg\"><figure class=\"swiper-slide-inner\"><img decoding=\"async\" class=\"swiper-slide-image\" src=\"https:\/\/cenderhotel.com.tr\/wp-content\/uploads\/2026\/04\/Oda-Balayi-3.jpeg\" alt=\"oda balay\u0131 (3)\" title=\"Balay\u0131 S\u00fcit\"><\/figure><\/a><\/div><div class=\"swiper-slide\" role=\"group\" aria-roledescription=\"slide\" aria-label=\"4 \/ 7\"><a data-elementor-open-lightbox=\"no\" href=\"https:\/\/cenderhotel.com.tr\/wp-content\/uploads\/2026\/04\/Oda-Balayi-4.jpeg\"><figure class=\"swiper-slide-inner\"><img decoding=\"async\" class=\"swiper-slide-image\" src=\"https:\/\/cenderhotel.com.tr\/wp-content\/uploads\/2026\/04\/Oda-Balayi-4.jpeg\" alt=\"oda balay\u0131 (4)\" title=\"Balay\u0131 S\u00fcit\"><\/figure><\/a><\/div><div class=\"swiper-slide\" role=\"group\" aria-roledescription=\"slide\" aria-label=\"5 \/ 7\"><a data-elementor-open-lightbox=\"no\" href=\"https:\/\/cenderhotel.com.tr\/wp-content\/uploads\/2026\/04\/Oda-Balayi-5.jpeg\"><figure class=\"swiper-slide-inner\"><img decoding=\"async\" class=\"swiper-slide-image\" src=\"https:\/\/cenderhotel.com.tr\/wp-content\/uploads\/2026\/04\/Oda-Balayi-5.jpeg\" alt=\"oda balay\u0131 (5)\" title=\"Balay\u0131 S\u00fcit\"><\/figure><\/a><\/div><div class=\"swiper-slide\" role=\"group\" aria-roledescription=\"slide\" aria-label=\"6 \/ 7\"><a data-elementor-open-lightbox=\"no\" href=\"https:\/\/cenderhotel.com.tr\/wp-content\/uploads\/2026\/04\/Oda-Banyo-2.jpeg\"><figure class=\"swiper-slide-inner\"><img decoding=\"async\" class=\"swiper-slide-image\" src=\"https:\/\/cenderhotel.com.tr\/wp-content\/uploads\/2026\/04\/Oda-Banyo-2.jpeg\" alt=\"oda banyo (2)\" title=\"Balay\u0131 S\u00fcit\"><\/figure><\/a><\/div><div class=\"swiper-slide\" role=\"group\" aria-roledescription=\"slide\" aria-label=\"7 \/ 7\"><a data-elementor-open-lightbox=\"no\" href=\"https:\/\/cenderhotel.com.tr\/wp-content\/uploads\/2026\/04\/Oda-Banyo-1.jpeg\"><figure class=\"swiper-slide-inner\"><img decoding=\"async\" class=\"swiper-slide-image\" src=\"https:\/\/cenderhotel.com.tr\/wp-content\/uploads\/2026\/04\/Oda-Banyo-1.jpeg\" alt=\"oda banyo (1)\" title=\"Balay\u0131 S\u00fcit\"><\/figure><\/a><\/div>\t\t\t<\/div>\n\t\t\t\t\t\t\t\t\t\t\t\t<div class=\"elementor-swiper-button elementor-swiper-button-prev\" role=\"button\" tabindex=\"0\">\n\t\t\t\t\t\t<i aria-hidden=\"true\" class=\"eicon-chevron-left\"><\/i>\t\t\t\t\t<\/div>\n\t\t\t\t\t<div class=\"elementor-swiper-button elementor-swiper-button-next\" role=\"button\" tabindex=\"0\">\n\t\t\t\t\t\t<i aria-hidden=\"true\" class=\"eicon-chevron-right\"><\/i>\t\t\t\t\t<\/div>\n\t\t\t\t\n\t\t\t\t\t\t\t\t\t<\/div>\n\t\t\t\t\t\t<\/div>\n\t\t\t\t<\/div>\n\t\t\t\t<\/div>\n\t\t\t\t<\/div>\n\t\t\t\t\t<\/div>\n\t\t\t\t<\/div>\n\t\t\t\t<\/div>\n\t\t","protected":false},"excerpt":{"rendered":"<p>Balay\u0131 S\u00fcit Odas\u0131 Otelimizde 1 adet \u00f6zel dizayn edilmi\u015f balay\u0131 suiti bulunmaktad\u0131r. Otel balo salonunda yap\u0131lan d\u00fc\u011f\u00fcnlerde ve balay\u0131 tatillerinde zevkle konaklayaca\u011f\u0131n\u0131z ak deniz manzaral\u0131 bir odad\u0131r. \u00a0\u00a0\u00a0 \u00a0 \u00a0<\/p>\n","protected":false},"author":1,"featured_media":0,"parent":0,"menu_order":0,"comment_status":"closed","ping_status":"closed","template":"","meta":{"site-sidebar-layout":"no-sidebar","site-content-layout":"page-builder","ast-site-content-layout":"default","site-content-style":"default","site-sidebar-style":"default","ast-global-header-display":"","ast-banner-title-visibility":"","ast-main-header-display":"","ast-hfb-above-header-display":"","ast-hfb-below-header-display":"","ast-hfb-mobile-header-display":"","site-post-title":"disabled","ast-breadcrumbs-content":"","ast-featured-img":"disabled","footer-sml-layout":"","ast-disable-related-posts":"","theme-transparent-header-meta":"enabled","adv-header-id-meta":"","stick-header-meta":"","header-above-stick-meta":"","header-main-stick-meta":"","header-below-stick-meta":"","astra-migrate-meta-layouts":"default","ast-page-background-enabled":"default","ast-page-background-meta":{"desktop":{"background-color":"","background-image":"","background-repeat":"repeat","background-position":"center center","background-size":"auto","background-attachment":"scroll","background-type":"","background-media":"","overlay-type":"","overlay-color":"","overlay-opacity":"","overlay-gradient":""},"tablet":{"background-color":"","background-image":"","background-repeat":"repeat","background-position":"center center","background-size":"auto","background-attachment":"scroll","background-type":"","background-media":"","overlay-type":"","overlay-color":"","overlay-opacity":"","overlay-gradient":""},"mobile":{"background-color":"","background-image":"","background-repeat":"repeat","background-position":"center center","background-size":"auto","background-attachment":"scroll","background-type":"","background-media":"","overlay-type":"","overlay-color":"","overlay-opacity":"","overlay-gradient":""}},"ast-content-background-meta":{"desktop":{"background-color":"var(--ast-global-color-5)","background-image":"","background-repeat":"repeat","background-position":"center center","background-size":"auto","background-attachment":"scroll","background-type":"","background-media":"","overlay-type":"","overlay-color":"","overlay-opacity":"","overlay-gradient":""},"tablet":{"background-color":"var(--ast-global-color-5)","background-image":"","background-repeat":"repeat","background-position":"center center","background-size":"auto","background-attachment":"scroll","background-type":"","background-media":"","overlay-type":"","overlay-color":"","overlay-opacity":"","overlay-gradient":""},"mobile":{"background-color":"var(--ast-global-color-5)","background-image":"","background-repeat":"repeat","background-position":"center center","background-size":"auto","background-attachment":"scroll","background-type":"","background-media":"","overlay-type":"","overlay-color":"","overlay-opacity":"","overlay-gradient":""}},"footnotes":""},"class_list":["post-1665","page","type-page","status-publish","hentry"],"_links":{"self":[{"href":"https:\/\/cenderhotel.com.tr\/index.php?rest_route=\/wp\/v2\/pages\/1665","targetHints":{"allow":["GET"]}}],"collection":[{"href":"https:\/\/cenderhotel.com.tr\/index.php?rest_route=\/wp\/v2\/pages"}],"about":[{"href":"https:\/\/cenderhotel.com.tr\/index.php?rest_route=\/wp\/v2\/types\/page"}],"author":[{"embeddable":true,"href":"https:\/\/cenderhotel.com.tr\/index.php?rest_route=\/wp\/v2\/users\/1"}],"replies":[{"embeddable":true,"href":"https:\/\/cenderhotel.com.tr\/index.php?rest_route=%2Fwp%2Fv2%2Fcomments&post=1665"}],"version-history":[{"count":29,"href":"https:\/\/cenderhotel.com.tr\/index.php?rest_route=\/wp\/v2\/pages\/1665\/revisions"}],"predecessor-version":[{"id":2223,"href":"https:\/\/cenderhotel.com.tr\/index.php?rest_route=\/wp\/v2\/pages\/1665\/revisions\/2223"}],"wp:attachment":[{"href":"https:\/\/cenderhotel.com.tr\/index.php?rest_route=%2Fwp%2Fv2%2Fmedia&parent=1665"}],"curies":[{"name":"wp","href":"https:\/\/api.w.org\/{rel}","templated":true}]}}