{"id":1672,"date":"2026-03-29T13:57:02","date_gmt":"2026-03-29T13:57:02","guid":{"rendered":"https:\/\/cenderhotel.com.tr\/?page_id=1672"},"modified":"2026-04-04T15:09:34","modified_gmt":"2026-04-04T15:09:34","slug":"hakkimizda","status":"publish","type":"page","link":"https:\/\/cenderhotel.com.tr\/?page_id=1672","title":{"rendered":"Hakk\u0131m\u0131zda"},"content":{"rendered":"\t\t<div data-elementor-type=\"wp-page\" data-elementor-id=\"1672\" class=\"elementor elementor-1672\" data-elementor-post-type=\"page\">\n\t\t\t\t<div class=\"elementor-element elementor-element-b387eca e-flex e-con-boxed e-con e-parent\" data-id=\"b387eca\" data-element_type=\"container\" data-e-type=\"container\" id=\"packages\" data-settings=\"{&quot;background_background&quot;:&quot;classic&quot;}\">\n\t\t\t\t\t<div class=\"e-con-inner\">\n\t\t<div class=\"elementor-element elementor-element-4942386 e-con-full e-flex e-con e-child\" data-id=\"4942386\" data-element_type=\"container\" data-e-type=\"container\" data-settings=\"{&quot;background_background&quot;:&quot;classic&quot;}\">\n\t\t\t\t<div class=\"elementor-element elementor-element-2a3f66b elementor-widget elementor-widget-heading\" data-id=\"2a3f66b\" data-element_type=\"widget\" data-e-type=\"widget\" data-widget_type=\"heading.default\">\n\t\t\t\t<div class=\"elementor-widget-container\">\n\t\t\t\t\t<h2 class=\"elementor-heading-title elementor-size-default\">Hakk\u0131m\u0131zda<\/h2>\t\t\t\t<\/div>\n\t\t\t\t<\/div>\n\t\t\t\t<\/div>\n\t\t\t\t\t<\/div>\n\t\t\t\t<\/div>\n\t\t<div class=\"elementor-element elementor-element-eef7fc3 e-flex e-con-boxed e-con e-parent\" data-id=\"eef7fc3\" data-element_type=\"container\" data-e-type=\"container\">\n\t\t\t\t\t<div class=\"e-con-inner\">\n\t\t<div class=\"elementor-element elementor-element-dfeb069 e-con-full e-flex e-con e-child\" data-id=\"dfeb069\" data-element_type=\"container\" data-e-type=\"container\">\n\t\t<div class=\"elementor-element elementor-element-2ce212f e-con-full e-flex e-con e-child\" data-id=\"2ce212f\" data-element_type=\"container\" data-e-type=\"container\">\n\t\t\t\t<div class=\"elementor-element elementor-element-8da9a08 elementor-widget elementor-widget-image\" data-id=\"8da9a08\" data-element_type=\"widget\" data-e-type=\"widget\" data-widget_type=\"image.default\">\n\t\t\t\t<div class=\"elementor-widget-container\">\n\t\t\t\t\t\t\t\t\t\t\t\t\t\t\t<img fetchpriority=\"high\" decoding=\"async\" width=\"2560\" height=\"1920\" src=\"https:\/\/cenderhotel.com.tr\/wp-content\/uploads\/2026\/03\/havuzz-2-scaled.jpg\" class=\"attachment-full size-full wp-image-1472\" alt=\"havuzz (2)\" srcset=\"https:\/\/cenderhotel.com.tr\/wp-content\/uploads\/2026\/03\/havuzz-2-scaled.jpg 2560w, https:\/\/cenderhotel.com.tr\/wp-content\/uploads\/2026\/03\/havuzz-2-300x225.jpg 300w, https:\/\/cenderhotel.com.tr\/wp-content\/uploads\/2026\/03\/havuzz-2-1024x768.jpg 1024w, https:\/\/cenderhotel.com.tr\/wp-content\/uploads\/2026\/03\/havuzz-2-768x576.jpg 768w, https:\/\/cenderhotel.com.tr\/wp-content\/uploads\/2026\/03\/havuzz-2-1536x1152.jpg 1536w, https:\/\/cenderhotel.com.tr\/wp-content\/uploads\/2026\/03\/havuzz-2-2048x1536.jpg 2048w\" sizes=\"(max-width: 2560px) 100vw, 2560px\" title=\"Hakk\u0131m\u0131zda\">\t\t\t\t\t\t\t\t\t\t\t\t\t\t\t<\/div>\n\t\t\t\t<\/div>\n\t\t\t\t<div class=\"elementor-element elementor-element-56a15b1 elementor-widget elementor-widget-image\" data-id=\"56a15b1\" data-element_type=\"widget\" data-e-type=\"widget\" data-widget_type=\"image.default\">\n\t\t\t\t<div class=\"elementor-widget-container\">\n\t\t\t\t\t\t\t\t\t\t\t\t\t\t\t<img decoding=\"async\" width=\"1600\" height=\"945\" src=\"https:\/\/cenderhotel.com.tr\/wp-content\/uploads\/2026\/04\/sl2.jpg\" class=\"attachment-full size-full wp-image-2019\" alt=\"sl2\" srcset=\"https:\/\/cenderhotel.com.tr\/wp-content\/uploads\/2026\/04\/sl2.jpg 1600w, https:\/\/cenderhotel.com.tr\/wp-content\/uploads\/2026\/04\/sl2-300x177.jpg 300w, https:\/\/cenderhotel.com.tr\/wp-content\/uploads\/2026\/04\/sl2-1024x605.jpg 1024w, https:\/\/cenderhotel.com.tr\/wp-content\/uploads\/2026\/04\/sl2-768x454.jpg 768w, https:\/\/cenderhotel.com.tr\/wp-content\/uploads\/2026\/04\/sl2-1536x907.jpg 1536w\" sizes=\"(max-width: 1600px) 100vw, 1600px\" title=\"Hakk\u0131m\u0131zda\">\t\t\t\t\t\t\t\t\t\t\t\t\t\t\t<\/div>\n\t\t\t\t<\/div>\n\t\t\t\t<div class=\"elementor-element elementor-element-2569bbc elementor-widget elementor-widget-image\" data-id=\"2569bbc\" data-element_type=\"widget\" data-e-type=\"widget\" data-widget_type=\"image.default\">\n\t\t\t\t<div class=\"elementor-widget-container\">\n\t\t\t\t\t\t\t\t\t\t\t\t\t\t\t<img decoding=\"async\" width=\"1600\" height=\"1200\" src=\"https:\/\/cenderhotel.com.tr\/wp-content\/uploads\/2026\/04\/sl1.jpeg\" class=\"attachment-full size-full wp-image-2018\" alt=\"sl1\" srcset=\"https:\/\/cenderhotel.com.tr\/wp-content\/uploads\/2026\/04\/sl1.jpeg 1600w, https:\/\/cenderhotel.com.tr\/wp-content\/uploads\/2026\/04\/sl1-300x225.jpeg 300w, https:\/\/cenderhotel.com.tr\/wp-content\/uploads\/2026\/04\/sl1-1024x768.jpeg 1024w, https:\/\/cenderhotel.com.tr\/wp-content\/uploads\/2026\/04\/sl1-768x576.jpeg 768w, https:\/\/cenderhotel.com.tr\/wp-content\/uploads\/2026\/04\/sl1-1536x1152.jpeg 1536w\" sizes=\"(max-width: 1600px) 100vw, 1600px\" title=\"Hakk\u0131m\u0131zda\">\t\t\t\t\t\t\t\t\t\t\t\t\t\t\t<\/div>\n\t\t\t\t<\/div>\n\t\t\t\t<\/div>\n\t\t<div class=\"elementor-element elementor-element-98de625 e-con-full e-flex e-con e-child\" data-id=\"98de625\" data-element_type=\"container\" data-e-type=\"container\">\n\t\t\t\t<div class=\"elementor-element elementor-element-260e3aa elementor-widget elementor-widget-text-editor\" data-id=\"260e3aa\" data-element_type=\"widget\" data-e-type=\"widget\" data-widget_type=\"text-editor.default\">\n\t\t\t\t<div class=\"elementor-widget-container\">\n\t\t\t\t\t\t\t\t\t<p><strong>35 Y\u0131ll\u0131k S\u0131cak Bir Kar\u015f\u0131lama&#8230;<\/strong><\/p><p>Otuz y\u0131l\u0131 a\u015fk\u0131n bir s\u00fcredir\u00a0<strong>Cender Hotel<\/strong>, konforun, zarafetin ve i\u00e7ten misafirperverli\u011fin Antalya\u2019daki g\u00fcvenilir s\u0131\u011f\u0131na\u011f\u0131 olmu\u015ftur. Yar\u0131m asra yakla\u015fan bu k\u00f6kl\u00fc yolculukta otelimiz; modern konaklama standartlar\u0131n\u0131, evinizdeki o e\u015fsiz s\u0131cakl\u0131kla harmanlayarak zamans\u0131z bir misafirperverlik sembol\u00fc haline gelmi\u015ftir.<\/p><p>Cender Hotel olarak hikayemizi; kusursuz hizmet anlay\u0131\u015f\u0131m\u0131z, rafine konfor tutkumuz ve her misafirimizde b\u0131rakt\u0131\u011f\u0131m\u0131z unutulmaz izlerle \u015fekillendirdik. \u00d6zenle tasarlanm\u0131\u015f odalar\u0131m\u0131zdan se\u00e7kin lezzetler sunan mutfa\u011f\u0131m\u0131za, ki\u015fiye \u00f6zel ilgiden profesyonel \u00e7\u00f6z\u00fcmlere kadar otelimizin her k\u00f6\u015fesini; size huzur, zarafet ve ger\u00e7ek bir\u00a0<strong>aidiyet duygusu<\/strong>\u00a0ya\u015fatmak i\u00e7in haz\u0131rlad\u0131k.<\/p><p><strong>Mavinin ve Ye\u015filin Bulu\u015fma Noktas\u0131<\/strong><\/p><p>Akdeniz\u2019in heybetli Toros Da\u011flar\u0131 ile kucakla\u015ft\u0131\u011f\u0131, falezlerin \u00fczerinde denize s\u0131f\u0131r konumumuzla konuklar\u0131m\u0131za her sabah b\u00fcy\u00fcleyici bir manzara sunuyoruz. \u015eehirle i\u00e7 i\u00e7e, ancak karma\u015fadan uzak olan tesisimizde,\u00a0<strong>tamam\u0131 panoramik deniz manzaral\u0131 156 odam\u0131zla<\/strong>\u00a0do\u011fan\u0131n e\u015fsiz g\u00fczelliklerine doyacak; mavinin ve ye\u015filin her tonuna \u015fahitlik edeceksiniz. \u0130ster keyifli bir tatil ister yo\u011fun bir i\u015f seyahati olsun, her geli\u015finizde de\u011fi\u015fmez adresiniz olman\u0131n gururunu ya\u015f\u0131yoruz.<\/p><p><strong>\u015eehrin Kalbinde, Ayr\u0131cal\u0131kl\u0131 Bir Konum<\/strong><\/p><p>Cender Hotel\u2019in benzersiz lokasyonu, hem Antalya\u2019n\u0131n tarihi ve turistik dokusunu ke\u015ffetmek isteyen gezginler hem de dinamik i\u015f d\u00fcnyas\u0131n\u0131n toplant\u0131 ve kongre ihtiya\u00e7lar\u0131 i\u00e7in stratejik bir avantaj sunar. I\u015f\u0131klar Caddesi\u2019ne ve \u015fehrin ana arterlerine olan yak\u0131nl\u0131\u011f\u0131m\u0131z, misafirlerimize her noktaya kolayca ula\u015fabilme imkan\u0131 tan\u0131yarak en de\u011ferli hazineniz olan &#8220;zaman\u0131&#8221; size geri kazand\u0131r\u0131r.<\/p><p><strong>Geleneksel G\u00fcven, Modern Hizmet<\/strong><\/p><p>Y\u0131llar\u0131n getirdi\u011fi tecr\u00fcbe ve misafirlerimizde yaratt\u0131\u011f\u0131m\u0131z sonsuz g\u00fcvenle, siz de\u011ferli dostlar\u0131m\u0131za sadece bir konaklama de\u011fil, her detay\u0131 incelikle d\u00fc\u015f\u00fcn\u00fclm\u00fc\u015f\u00a0<strong>unutulmaz bir deneyim<\/strong>\u00a0vaat ediyoruz. Profesyonel ekibimiz ve misafir odakl\u0131 hizmet felsefemizle, kendinizi \u00f6zel hissetmeniz i\u00e7in buraday\u0131z.<\/p><p><strong>Cender Hotel\u2019e ho\u015f geldiniz; burada her an\u0131n\u0131z \u00f6zenle a\u011f\u0131rland\u0131\u011f\u0131n\u0131z\u0131 hissettirir.<\/strong><\/p>\t\t\t\t\t\t\t\t<\/div>\n\t\t\t\t<\/div>\n\t\t\t\t<\/div>\n\t\t\t\t<\/div>\n\t\t\t\t\t<\/div>\n\t\t\t\t<\/div>\n\t\t<div class=\"elementor-element elementor-element-7c4d5aa e-flex e-con-boxed e-con e-parent\" data-id=\"7c4d5aa\" data-element_type=\"container\" data-e-type=\"container\">\n\t\t\t\t\t<div class=\"e-con-inner\">\n\t\t\t\t\t<\/div>\n\t\t\t\t<\/div>\n\t\t\t\t<\/div>\n\t\t","protected":false},"excerpt":{"rendered":"<p>Hakk\u0131m\u0131zda 35 Y\u0131ll\u0131k S\u0131cak Bir Kar\u015f\u0131lama&#8230; Otuz y\u0131l\u0131 a\u015fk\u0131n bir s\u00fcredir\u00a0Cender Hotel, konforun, zarafetin ve i\u00e7ten misafirperverli\u011fin Antalya\u2019daki g\u00fcvenilir s\u0131\u011f\u0131na\u011f\u0131 olmu\u015ftur. Yar\u0131m asra yakla\u015fan bu k\u00f6kl\u00fc yolculukta otelimiz; modern konaklama standartlar\u0131n\u0131, evinizdeki o e\u015fsiz s\u0131cakl\u0131kla harmanlayarak zamans\u0131z bir misafirperverlik sembol\u00fc haline gelmi\u015ftir. Cender Hotel olarak hikayemizi; kusursuz hizmet anlay\u0131\u015f\u0131m\u0131z, rafine konfor tutkumuz ve her misafirimizde [&hellip;]<\/p>\n","protected":false},"author":1,"featured_media":0,"parent":0,"menu_order":0,"comment_status":"closed","ping_status":"closed","template":"","meta":{"site-sidebar-layout":"no-sidebar","site-content-layout":"page-builder","ast-site-content-layout":"default","site-content-style":"default","site-sidebar-style":"default","ast-global-header-display":"","ast-banner-title-visibility":"","ast-main-header-display":"","ast-hfb-above-header-display":"","ast-hfb-below-header-display":"","ast-hfb-mobile-header-display":"","site-post-title":"disabled","ast-breadcrumbs-content":"","ast-featured-img":"disabled","footer-sml-layout":"","ast-disable-related-posts":"","theme-transparent-header-meta":"enabled","adv-header-id-meta":"","stick-header-meta":"","header-above-stick-meta":"","header-main-stick-meta":"","header-below-stick-meta":"","astra-migrate-meta-layouts":"default","ast-page-background-enabled":"default","ast-page-background-meta":{"desktop":{"background-color":"","background-image":"","background-repeat":"repeat","background-position":"center center","background-size":"auto","background-attachment":"scroll","background-type":"","background-media":"","overlay-type":"","overlay-color":"","overlay-opacity":"","overlay-gradient":""},"tablet":{"background-color":"","background-image":"","background-repeat":"repeat","background-position":"center center","background-size":"auto","background-attachment":"scroll","background-type":"","background-media":"","overlay-type":"","overlay-color":"","overlay-opacity":"","overlay-gradient":""},"mobile":{"background-color":"","background-image":"","background-repeat":"repeat","background-position":"center center","background-size":"auto","background-attachment":"scroll","background-type":"","background-media":"","overlay-type":"","overlay-color":"","overlay-opacity":"","overlay-gradient":""}},"ast-content-background-meta":{"desktop":{"background-color":"var(--ast-global-color-5)","background-image":"","background-repeat":"repeat","background-position":"center center","background-size":"auto","background-attachment":"scroll","background-type":"","background-media":"","overlay-type":"","overlay-color":"","overlay-opacity":"","overlay-gradient":""},"tablet":{"background-color":"var(--ast-global-color-5)","background-image":"","background-repeat":"repeat","background-position":"center center","background-size":"auto","background-attachment":"scroll","background-type":"","background-media":"","overlay-type":"","overlay-color":"","overlay-opacity":"","overlay-gradient":""},"mobile":{"background-color":"var(--ast-global-color-5)","background-image":"","background-repeat":"repeat","background-position":"center center","background-size":"auto","background-attachment":"scroll","background-type":"","background-media":"","overlay-type":"","overlay-color":"","overlay-opacity":"","overlay-gradient":""}},"footnotes":""},"class_list":["post-1672","page","type-page","status-publish","hentry"],"_links":{"self":[{"href":"https:\/\/cenderhotel.com.tr\/index.php?rest_route=\/wp\/v2\/pages\/1672","targetHints":{"allow":["GET"]}}],"collection":[{"href":"https:\/\/cenderhotel.com.tr\/index.php?rest_route=\/wp\/v2\/pages"}],"about":[{"href":"https:\/\/cenderhotel.com.tr\/index.php?rest_route=\/wp\/v2\/types\/page"}],"author":[{"embeddable":true,"href":"https:\/\/cenderhotel.com.tr\/index.php?rest_route=\/wp\/v2\/users\/1"}],"replies":[{"embeddable":true,"href":"https:\/\/cenderhotel.com.tr\/index.php?rest_route=%2Fwp%2Fv2%2Fcomments&post=1672"}],"version-history":[{"count":37,"href":"https:\/\/cenderhotel.com.tr\/index.php?rest_route=\/wp\/v2\/pages\/1672\/revisions"}],"predecessor-version":[{"id":2202,"href":"https:\/\/cenderhotel.com.tr\/index.php?rest_route=\/wp\/v2\/pages\/1672\/revisions\/2202"}],"wp:attachment":[{"href":"https:\/\/cenderhotel.com.tr\/index.php?rest_route=%2Fwp%2Fv2%2Fmedia&parent=1672"}],"curies":[{"name":"wp","href":"https:\/\/api.w.org\/{rel}","templated":true}]}}