{"id":1709,"date":"2026-03-29T14:36:13","date_gmt":"2026-03-29T14:36:13","guid":{"rendered":"https:\/\/cenderhotel.com.tr\/?page_id=1709"},"modified":"2026-04-04T16:15:17","modified_gmt":"2026-04-04T16:15:17","slug":"kalite-politikamiz","status":"publish","type":"page","link":"https:\/\/cenderhotel.com.tr\/?page_id=1709","title":{"rendered":"Kalite Politikam\u0131z"},"content":{"rendered":"\t\t<div data-elementor-type=\"wp-page\" data-elementor-id=\"1709\" class=\"elementor elementor-1709\" data-elementor-post-type=\"page\">\n\t\t\t\t<div class=\"elementor-element elementor-element-b387eca e-flex e-con-boxed e-con e-parent\" data-id=\"b387eca\" data-element_type=\"container\" data-e-type=\"container\" id=\"packages\" data-settings=\"{&quot;background_background&quot;:&quot;classic&quot;}\">\n\t\t\t\t\t<div class=\"e-con-inner\">\n\t\t<div class=\"elementor-element elementor-element-4942386 e-con-full e-flex e-con e-child\" data-id=\"4942386\" data-element_type=\"container\" data-e-type=\"container\" data-settings=\"{&quot;background_background&quot;:&quot;classic&quot;}\">\n\t\t\t\t<div class=\"elementor-element elementor-element-2a3f66b elementor-widget elementor-widget-heading\" data-id=\"2a3f66b\" data-element_type=\"widget\" data-e-type=\"widget\" data-widget_type=\"heading.default\">\n\t\t\t\t<div class=\"elementor-widget-container\">\n\t\t\t\t\t<h2 class=\"elementor-heading-title elementor-size-default\">Kalite Politikam\u0131z<\/h2>\t\t\t\t<\/div>\n\t\t\t\t<\/div>\n\t\t\t\t<\/div>\n\t\t\t\t\t<\/div>\n\t\t\t\t<\/div>\n\t\t<div class=\"elementor-element elementor-element-eef7fc3 e-flex e-con-boxed e-con e-parent\" data-id=\"eef7fc3\" data-element_type=\"container\" data-e-type=\"container\">\n\t\t\t\t\t<div class=\"e-con-inner\">\n\t\t<div class=\"elementor-element elementor-element-dfeb069 e-con-full e-flex e-con e-child\" data-id=\"dfeb069\" data-element_type=\"container\" data-e-type=\"container\">\n\t\t<div class=\"elementor-element elementor-element-98de625 e-con-full e-flex e-con e-child\" data-id=\"98de625\" data-element_type=\"container\" data-e-type=\"container\">\n\t\t\t\t<div class=\"elementor-element elementor-element-260e3aa elementor-widget elementor-widget-text-editor\" data-id=\"260e3aa\" data-element_type=\"widget\" data-e-type=\"widget\" data-widget_type=\"text-editor.default\">\n\t\t\t\t<div class=\"elementor-widget-container\">\n\t\t\t\t\t\t\t\t\t<div class=\"Y3BBE\" data-sfc-cp=\"\" data-sfc-root=\"c\" data-sfc-cb=\"\" data-hveid=\"CAEIBBAA\" data-processed=\"true\" data-complete=\"true\"><p><strong>Cender Hotel<\/strong>\u00a0olarak 35 y\u0131l\u0131 a\u015fk\u0131n i\u015fletmecilik ser\u00fcvenimizde temel vizyonumuz; misafir ve \u00e7al\u0131\u015fan memnuniyetini oda\u011f\u0131m\u0131za alan, s\u00fcrd\u00fcr\u00fclebilir ve y\u00fcksek standartl\u0131 bir hizmet anlay\u0131\u015f\u0131n\u0131 t\u00fcm s\u00fcre\u00e7lerimize entegre etmektir.<\/p><p>M\u00fckemmelli\u011fi bir var\u0131\u015f noktas\u0131 de\u011fil, bir yolculuk olarak g\u00f6r\u00fcyor ve bu do\u011frultuda a\u015fa\u011f\u0131daki ilkeleri taahh\u00fct ediyoruz:<\/p><p><strong>S\u00fcrd\u00fcr\u00fclebilir Memnuniyet ve Kaliteli Hizmet<\/strong><\/p><p>\u0130\u015fletmecilik prensibimizin temelini; hem konuklar\u0131m\u0131z\u0131n konforunu hem de personelimizin mutlulu\u011funu en \u00fcst seviyede tutmak olu\u015fturur. Antalya\u2019n\u0131n kalbinde, her detay\u0131 titizlikle d\u00fc\u015f\u00fcn\u00fclm\u00fc\u015f ayr\u0131cal\u0131kl\u0131 bir konaklama deneyimi sunmak birincil \u00f6nceli\u011fimizdir.<\/p><p><strong>Yasal Uyum, Etik ve \u015eeffafl\u0131k<\/strong><\/p><p>T\u00fcm operasyonel faaliyetlerimizde ulusal ve uluslararas\u0131 yasal gerekliliklere, sekt\u00f6r standartlar\u0131na ve etik de\u011ferlere tam uyum sa\u011flamay\u0131 temel sorumlulu\u011fumuz kabul ederiz. \u015eeffaf y\u00f6netim anlay\u0131\u015f\u0131m\u0131zla payda\u015flar\u0131m\u0131za g\u00fcven veren bir i\u015fletme k\u00fclt\u00fcr\u00fc s\u00fcrd\u00fcr\u00fcr\u00fcz.<\/p><p><strong>\u00c7evre Dostu ve Do\u011faya Sayg\u0131l\u0131 \u0130\u015fletmecilik<\/strong><\/p><p><strong>&#8220;Do\u011fay\u0131 Koruma Program\u0131&#8221;<\/strong>\u00a0kapsam\u0131nda; at\u0131k miktar\u0131n\u0131 minimize etmek, geri d\u00f6n\u00fc\u015f\u00fcm\u00fc te\u015fvik etmek ve do\u011fal kaynaklar\u0131 (su, enerji vb.) en verimli \u015fekilde kullanmak i\u00e7in \u00e7al\u0131\u015f\u0131r\u0131z. Gelecek nesillere daha temiz bir d\u00fcnya b\u0131rakmay\u0131 ama\u00e7layan \u00e7evre dostu bir sistemle faaliyet g\u00f6steririz.<\/p><p><strong>Ko\u015fulsuz Hijyen ve Maksimum G\u00fcvenlik<\/strong><\/p><p>Tesisimiz genelinde, her ne \u015fart alt\u0131nda olursa olsun hijyen standartlar\u0131n\u0131 en \u00f6n planda tutar\u0131z. \u0130\u015f ortaklar\u0131m\u0131z\u0131n, misafirlerimizin ve \u00e7al\u0131\u015fanlar\u0131m\u0131z\u0131n sa\u011fl\u0131\u011f\u0131n\u0131 tehdit edebilecek t\u00fcm riskleri proaktif yakla\u015f\u0131mlarla analiz eder, olas\u0131 kazalar\u0131 \u00f6nlemek i\u00e7in g\u00fcvenlik \u00f6nlemlerini en \u00fcst seviyede uygular\u0131z.<\/p><p><strong>Misafir Odakl\u0131 Geri Bildirim Y\u00f6netimi<\/strong><\/p><p>Her t\u00fcrl\u00fc kanaldan gelen misafir izlenimlerini titizlikle takip ederiz. \u015eikayetleri h\u0131zla \u00e7\u00f6z\u00fcmleyerek \u015feffaf bir geri bildirim s\u00fcreci y\u00fcr\u00fct\u00fcr; her bir g\u00f6r\u00fc\u015f\u00fc, hizmet kalitemizi bir ad\u0131m \u00f6teye ta\u015f\u0131mak i\u00e7in e\u015fsiz bir\u00a0<strong>geli\u015fim f\u0131rsat\u0131<\/strong>\u00a0olarak de\u011ferlendiririz.<\/p><p><strong>S\u00fcrekli Geli\u015fim ve Nitelikli \u0130nsan Kayna\u011f\u0131<\/strong><\/p><p><strong>Toplam Kalite Y\u00f6netimi<\/strong>\u00a0ilkeleri dahilinde, k\u00fcresel pazardaki rekabet g\u00fcc\u00fcm\u00fcz\u00fc art\u0131rmak i\u00e7in teknolojik yenilikleri yak\u0131ndan takip ederiz. Ekibimizi \u00f6zenle se\u00e7er, \u00e7al\u0131\u015fanlar\u0131m\u0131z\u0131n yetkinliklerini s\u00fcrekli e\u011fitimlerle destekleyerek &#8220;Cender Hotel&#8221; kalitesini her ge\u00e7en g\u00fcn y\u00fckseltiriz.<\/p><p><strong>G\u00fcven, Prestij ve Vizyon<\/strong><\/p><p>Antalya\u2019n\u0131n merkezindeki stratejik konumumuzla, misafirlerimize g\u00fcvenli, \u015f\u0131k ve huzurlu bir ortam sunar\u0131z. Markam\u0131z\u0131 uluslararas\u0131 standartlarda daha se\u00e7kin bir konuma ta\u015f\u0131mak i\u00e7in geleneksel misafirperverli\u011fimizi modern kalite sistemleriyle bulu\u015fturmaya devam edece\u011fiz.<\/p><\/div>\t\t\t\t\t\t\t\t<\/div>\n\t\t\t\t<\/div>\n\t\t\t\t<\/div>\n\t\t\t\t<\/div>\n\t\t\t\t\t<\/div>\n\t\t\t\t<\/div>\n\t\t<div class=\"elementor-element elementor-element-af31ba3 e-flex e-con-boxed e-con e-parent\" data-id=\"af31ba3\" data-element_type=\"container\" data-e-type=\"container\">\n\t\t\t\t\t<div class=\"e-con-inner\">\n\t\t\t\t\t<\/div>\n\t\t\t\t<\/div>\n\t\t\t\t<\/div>\n\t\t","protected":false},"excerpt":{"rendered":"<p>Kalite Politikam\u0131z Cender Hotel\u00a0olarak 35 y\u0131l\u0131 a\u015fk\u0131n i\u015fletmecilik ser\u00fcvenimizde temel vizyonumuz; misafir ve \u00e7al\u0131\u015fan memnuniyetini oda\u011f\u0131m\u0131za alan, s\u00fcrd\u00fcr\u00fclebilir ve y\u00fcksek standartl\u0131 bir hizmet anlay\u0131\u015f\u0131n\u0131 t\u00fcm s\u00fcre\u00e7lerimize entegre etmektir. M\u00fckemmelli\u011fi bir var\u0131\u015f noktas\u0131 de\u011fil, bir yolculuk olarak g\u00f6r\u00fcyor ve bu do\u011frultuda a\u015fa\u011f\u0131daki ilkeleri taahh\u00fct ediyoruz: S\u00fcrd\u00fcr\u00fclebilir Memnuniyet ve Kaliteli Hizmet \u0130\u015fletmecilik prensibimizin temelini; hem konuklar\u0131m\u0131z\u0131n konforunu [&hellip;]<\/p>\n","protected":false},"author":1,"featured_media":0,"parent":0,"menu_order":0,"comment_status":"closed","ping_status":"closed","template":"","meta":{"site-sidebar-layout":"no-sidebar","site-content-layout":"page-builder","ast-site-content-layout":"default","site-content-style":"default","site-sidebar-style":"default","ast-global-header-display":"","ast-banner-title-visibility":"","ast-main-header-display":"","ast-hfb-above-header-display":"","ast-hfb-below-header-display":"","ast-hfb-mobile-header-display":"","site-post-title":"disabled","ast-breadcrumbs-content":"","ast-featured-img":"disabled","footer-sml-layout":"","ast-disable-related-posts":"","theme-transparent-header-meta":"enabled","adv-header-id-meta":"","stick-header-meta":"","header-above-stick-meta":"","header-main-stick-meta":"","header-below-stick-meta":"","astra-migrate-meta-layouts":"default","ast-page-background-enabled":"default","ast-page-background-meta":{"desktop":{"background-color":"","background-image":"","background-repeat":"repeat","background-position":"center center","background-size":"auto","background-attachment":"scroll","background-type":"","background-media":"","overlay-type":"","overlay-color":"","overlay-opacity":"","overlay-gradient":""},"tablet":{"background-color":"","background-image":"","background-repeat":"repeat","background-position":"center center","background-size":"auto","background-attachment":"scroll","background-type":"","background-media":"","overlay-type":"","overlay-color":"","overlay-opacity":"","overlay-gradient":""},"mobile":{"background-color":"","background-image":"","background-repeat":"repeat","background-position":"center center","background-size":"auto","background-attachment":"scroll","background-type":"","background-media":"","overlay-type":"","overlay-color":"","overlay-opacity":"","overlay-gradient":""}},"ast-content-background-meta":{"desktop":{"background-color":"var(--ast-global-color-5)","background-image":"","background-repeat":"repeat","background-position":"center center","background-size":"auto","background-attachment":"scroll","background-type":"","background-media":"","overlay-type":"","overlay-color":"","overlay-opacity":"","overlay-gradient":""},"tablet":{"background-color":"var(--ast-global-color-5)","background-image":"","background-repeat":"repeat","background-position":"center center","background-size":"auto","background-attachment":"scroll","background-type":"","background-media":"","overlay-type":"","overlay-color":"","overlay-opacity":"","overlay-gradient":""},"mobile":{"background-color":"var(--ast-global-color-5)","background-image":"","background-repeat":"repeat","background-position":"center center","background-size":"auto","background-attachment":"scroll","background-type":"","background-media":"","overlay-type":"","overlay-color":"","overlay-opacity":"","overlay-gradient":""}},"footnotes":""},"class_list":["post-1709","page","type-page","status-publish","hentry"],"_links":{"self":[{"href":"https:\/\/cenderhotel.com.tr\/index.php?rest_route=\/wp\/v2\/pages\/1709","targetHints":{"allow":["GET"]}}],"collection":[{"href":"https:\/\/cenderhotel.com.tr\/index.php?rest_route=\/wp\/v2\/pages"}],"about":[{"href":"https:\/\/cenderhotel.com.tr\/index.php?rest_route=\/wp\/v2\/types\/page"}],"author":[{"embeddable":true,"href":"https:\/\/cenderhotel.com.tr\/index.php?rest_route=\/wp\/v2\/users\/1"}],"replies":[{"embeddable":true,"href":"https:\/\/cenderhotel.com.tr\/index.php?rest_route=%2Fwp%2Fv2%2Fcomments&post=1709"}],"version-history":[{"count":19,"href":"https:\/\/cenderhotel.com.tr\/index.php?rest_route=\/wp\/v2\/pages\/1709\/revisions"}],"predecessor-version":[{"id":2253,"href":"https:\/\/cenderhotel.com.tr\/index.php?rest_route=\/wp\/v2\/pages\/1709\/revisions\/2253"}],"wp:attachment":[{"href":"https:\/\/cenderhotel.com.tr\/index.php?rest_route=%2Fwp%2Fv2%2Fmedia&parent=1709"}],"curies":[{"name":"wp","href":"https:\/\/api.w.org\/{rel}","templated":true}]}}