{"id":1727,"date":"2026-03-29T15:19:08","date_gmt":"2026-03-29T15:19:08","guid":{"rendered":"https:\/\/cenderhotel.com.tr\/?page_id=1727"},"modified":"2026-04-04T15:10:23","modified_gmt":"2026-04-04T15:10:23","slug":"cevre-politikamiz","status":"publish","type":"page","link":"https:\/\/cenderhotel.com.tr\/?page_id=1727","title":{"rendered":"\u00c7evre Politikam\u0131z"},"content":{"rendered":"\t\t<div data-elementor-type=\"wp-page\" data-elementor-id=\"1727\" class=\"elementor elementor-1727\" data-elementor-post-type=\"page\">\n\t\t\t\t<div class=\"elementor-element elementor-element-b387eca e-flex e-con-boxed e-con e-parent\" data-id=\"b387eca\" data-element_type=\"container\" data-e-type=\"container\" id=\"packages\" data-settings=\"{&quot;background_background&quot;:&quot;classic&quot;}\">\n\t\t\t\t\t<div class=\"e-con-inner\">\n\t\t<div class=\"elementor-element elementor-element-4942386 e-con-full e-flex e-con e-child\" data-id=\"4942386\" data-element_type=\"container\" data-e-type=\"container\" data-settings=\"{&quot;background_background&quot;:&quot;classic&quot;}\">\n\t\t\t\t<div class=\"elementor-element elementor-element-2a3f66b elementor-widget elementor-widget-heading\" data-id=\"2a3f66b\" data-element_type=\"widget\" data-e-type=\"widget\" data-widget_type=\"heading.default\">\n\t\t\t\t<div class=\"elementor-widget-container\">\n\t\t\t\t\t<h2 class=\"elementor-heading-title elementor-size-default\">\u00c7evre Politikam\u0131z<\/h2>\t\t\t\t<\/div>\n\t\t\t\t<\/div>\n\t\t\t\t<\/div>\n\t\t\t\t\t<\/div>\n\t\t\t\t<\/div>\n\t\t<div class=\"elementor-element elementor-element-eef7fc3 e-flex e-con-boxed e-con e-parent\" data-id=\"eef7fc3\" data-element_type=\"container\" data-e-type=\"container\">\n\t\t\t\t\t<div class=\"e-con-inner\">\n\t\t<div class=\"elementor-element elementor-element-dfeb069 e-con-full e-flex e-con e-child\" data-id=\"dfeb069\" data-element_type=\"container\" data-e-type=\"container\">\n\t\t<div class=\"elementor-element elementor-element-98de625 e-con-full e-flex e-con e-child\" data-id=\"98de625\" data-element_type=\"container\" data-e-type=\"container\">\n\t\t\t\t<div class=\"elementor-element elementor-element-260e3aa elementor-widget elementor-widget-text-editor\" data-id=\"260e3aa\" data-element_type=\"widget\" data-e-type=\"widget\" data-widget_type=\"text-editor.default\">\n\t\t\t\t<div class=\"elementor-widget-container\">\n\t\t\t\t\t\t\t\t\t<div class=\"Y3BBE\" data-sfc-cp=\"\" data-sfc-root=\"c\" data-sfc-cb=\"\" data-hveid=\"CAEIBBAA\" data-processed=\"true\" data-complete=\"true\"><p><strong>Cender Hotel<\/strong>\u00a0olarak, Akdeniz\u2019in kalbinde konaklama hizmeti sunarken; do\u011faya kar\u015f\u0131 sorumlulu\u011fumuzun bilincinde, s\u00fcrd\u00fcr\u00fclebilir bir gelecek i\u00e7in kararl\u0131l\u0131kla \u00e7al\u0131\u015f\u0131yoruz. &#8220;Gelecek nesillere daha temiz bir d\u00fcnya&#8221; vizyonuyla, faaliyetlerimizin \u00e7evresel etkilerini minimize etmeyi bir i\u015fletme k\u00fclt\u00fcr\u00fc olarak benimsiyoruz.<\/p><p>Bu kapsamda temel taahh\u00fctlerimiz \u015funlard\u0131r:<\/p><p><strong>Yasal Uyum ve Uluslararas\u0131 Standartlar<\/strong><\/p><p>Faaliyetlerimizin tamam\u0131nda mevcut ulusal ve uluslararas\u0131 \u00e7evre mevzuatlar\u0131na tam uyum sa\u011fl\u0131yoruz. S\u00fcre\u00e7lerimizi\u00a0<strong>ISO 14001 \u00c7evre Y\u00f6netim Sistemi<\/strong>\u00a0standartlar\u0131 do\u011frultusunda y\u00f6neterek, \u00e7evresel performans\u0131m\u0131z\u0131 s\u00fcrekli denetliyor ve geli\u015ftiriyoruz.<\/p><p><strong>Kirlili\u011fin \u00d6nlenmesi ve Kaynak Y\u00f6netimi<\/strong><\/p><p>Do\u011faya ve \u00e7evreye kirlilik yaratabilecek her t\u00fcrl\u00fc etkeni kayna\u011f\u0131nda kontrol alt\u0131nda tutuyoruz. Teknolojik geli\u015fmeleri yak\u0131ndan takip ederek, do\u011fal kaynaklar\u0131n (su, enerji vb.) en verimli \u015fekilde kullan\u0131lmas\u0131n\u0131 sa\u011fl\u0131yor; faaliyetlerimiz sonucu olu\u015fabilecek \u00e7evresel y\u00fck\u00fc en alt seviyeye indirmeyi hedefliyoruz.<\/p><p><strong>At\u0131k Y\u00f6netimi ve Bilin\u00e7li T\u00fcketim<\/strong><\/p><p>&#8220;S\u0131f\u0131r At\u0131k&#8221; prensipleri do\u011frultusunda hareket ederek; at\u0131klar\u0131m\u0131z\u0131 kayna\u011f\u0131nda ayr\u0131\u015ft\u0131r\u0131yor, geri d\u00f6n\u00fc\u015f\u00fcm\u00fc destekliyor ve at\u0131k miktar\u0131n\u0131 azaltmak i\u00e7in stratejiler geli\u015ftiriyoruz. Sadece bir i\u015fletme olarak de\u011fil; \u00e7al\u0131\u015fanlar\u0131m\u0131z, misafirlerimiz ve tedarik\u00e7ilerimizle birlikte\u00a0<strong>&#8220;Bilin\u00e7li T\u00fcketici&#8221;<\/strong>\u00a0toplulu\u011fu olu\u015fturmay\u0131 ama\u00e7l\u0131yoruz.<\/p><p><strong>Sa\u011fl\u0131kl\u0131 Bir \u00c7evrede Tatil Deneyimi<\/strong><\/p><p>Misafirlerimizi odak noktam\u0131z kabul ederek, onlara do\u011fayla bar\u0131\u015f\u0131k ve sa\u011fl\u0131kl\u0131 bir \u00e7evrede tatil yapma imkan\u0131 sunuyoruz. Konuklar\u0131m\u0131z\u0131n beklentilerini, \u00e7evresel s\u00fcrd\u00fcr\u00fclebilirlik ilkelerimizle harmanlayarak planl\u0131yor ve hayata ge\u00e7iriyoruz.<\/p><p><strong>E\u011fitim ve Toplumsal Fark\u0131ndal\u0131k<\/strong><\/p><p>\u00c7evre bilincinin bir ya\u015fam bi\u00e7imi oldu\u011funa inan\u0131yoruz. Bu fark\u0131ndal\u0131\u011f\u0131 art\u0131rmak ad\u0131na \u00e7al\u0131\u015fanlar\u0131m\u0131za d\u00fczenli e\u011fitimler veriyor; \u00e7evresel duyarl\u0131l\u0131\u011f\u0131m\u0131z\u0131 misafirlerimiz, tedarik\u00e7ilerimiz ve yerel toplumla \u015feffaf bir \u015fekilde payla\u015f\u0131yoruz.<\/p><p><strong>Biyo\u00e7e\u015fitlili\u011fin Korunmas\u0131 ve S\u00fcrekli \u0130yile\u015ftirme<\/strong><\/p><p>Akdeniz\u2019in e\u015fsiz ekosistemini ve biyo\u00e7e\u015fitlili\u011fini korumak ad\u0131na gerekli ara\u015ft\u0131rma ve projelendirme \u00e7al\u0131\u015fmalar\u0131n\u0131 y\u00fcr\u00fct\u00fcyoruz. \u00c7evresel etkilerimizi \u00f6l\u00e7\u00fclebilir verilerle takip ediyor, somut hedefler koyuyor ve y\u00f6netimden saha \u00e7al\u0131\u015fanlar\u0131m\u0131za kadar tam bir birliktelikle hizmet kalitemizi s\u00fcrekli iyile\u015ftiriyoruz.<\/p><p><strong>Do\u011faya sayg\u0131, misafirlerimize sevgiyle&#8230;<\/strong><\/p><\/div>\t\t\t\t\t\t\t\t<\/div>\n\t\t\t\t<\/div>\n\t\t<div class=\"elementor-element elementor-element-0662af7 e-con-full e-flex e-con e-child\" data-id=\"0662af7\" data-element_type=\"container\" data-e-type=\"container\">\n\t\t<div class=\"elementor-element elementor-element-1d6fd79 e-con-full e-flex e-con e-child\" data-id=\"1d6fd79\" data-element_type=\"container\" data-e-type=\"container\">\n\t\t\t\t<div class=\"elementor-element elementor-element-60692a7 elementor-widget elementor-widget-image\" data-id=\"60692a7\" data-element_type=\"widget\" data-e-type=\"widget\" data-widget_type=\"image.default\">\n\t\t\t\t<div class=\"elementor-widget-container\">\n\t\t\t\t\t\t\t\t\t\t\t\t\t\t\t<img decoding=\"async\" width=\"300\" height=\"141\" src=\"https:\/\/cenderhotel.com.tr\/wp-content\/uploads\/2026\/03\/sifir-atik-300x141.png\" class=\"attachment-medium size-medium wp-image-1730\" alt=\"s\u0131f\u0131r at\u0131k\" srcset=\"https:\/\/cenderhotel.com.tr\/wp-content\/uploads\/2026\/03\/sifir-atik-300x141.png 300w, https:\/\/cenderhotel.com.tr\/wp-content\/uploads\/2026\/03\/sifir-atik-1024x482.png 1024w, https:\/\/cenderhotel.com.tr\/wp-content\/uploads\/2026\/03\/sifir-atik-768x362.png 768w, https:\/\/cenderhotel.com.tr\/wp-content\/uploads\/2026\/03\/sifir-atik.png 1537w\" sizes=\"(max-width: 300px) 100vw, 300px\" title=\"\u00c7evre Politikam\u0131z\">\t\t\t\t\t\t\t\t\t\t\t\t\t\t\t<\/div>\n\t\t\t\t<\/div>\n\t\t\t\t<\/div>\n\t\t\t\t<\/div>\n\t\t\t\t<\/div>\n\t\t\t\t<\/div>\n\t\t\t\t\t<\/div>\n\t\t\t\t<\/div>\n\t\t\t\t<\/div>\n\t\t","protected":false},"excerpt":{"rendered":"<p>\u00c7evre Politikam\u0131z Cender Hotel\u00a0olarak, Akdeniz\u2019in kalbinde konaklama hizmeti sunarken; do\u011faya kar\u015f\u0131 sorumlulu\u011fumuzun bilincinde, s\u00fcrd\u00fcr\u00fclebilir bir gelecek i\u00e7in kararl\u0131l\u0131kla \u00e7al\u0131\u015f\u0131yoruz. &#8220;Gelecek nesillere daha temiz bir d\u00fcnya&#8221; vizyonuyla, faaliyetlerimizin \u00e7evresel etkilerini minimize etmeyi bir i\u015fletme k\u00fclt\u00fcr\u00fc olarak benimsiyoruz. Bu kapsamda temel taahh\u00fctlerimiz \u015funlard\u0131r: Yasal Uyum ve Uluslararas\u0131 Standartlar Faaliyetlerimizin tamam\u0131nda mevcut ulusal ve uluslararas\u0131 \u00e7evre mevzuatlar\u0131na tam [&hellip;]<\/p>\n","protected":false},"author":1,"featured_media":0,"parent":0,"menu_order":0,"comment_status":"closed","ping_status":"closed","template":"","meta":{"site-sidebar-layout":"no-sidebar","site-content-layout":"page-builder","ast-site-content-layout":"default","site-content-style":"default","site-sidebar-style":"default","ast-global-header-display":"","ast-banner-title-visibility":"","ast-main-header-display":"","ast-hfb-above-header-display":"","ast-hfb-below-header-display":"","ast-hfb-mobile-header-display":"","site-post-title":"disabled","ast-breadcrumbs-content":"","ast-featured-img":"disabled","footer-sml-layout":"","ast-disable-related-posts":"","theme-transparent-header-meta":"enabled","adv-header-id-meta":"","stick-header-meta":"","header-above-stick-meta":"","header-main-stick-meta":"","header-below-stick-meta":"","astra-migrate-meta-layouts":"default","ast-page-background-enabled":"default","ast-page-background-meta":{"desktop":{"background-color":"","background-image":"","background-repeat":"repeat","background-position":"center center","background-size":"auto","background-attachment":"scroll","background-type":"","background-media":"","overlay-type":"","overlay-color":"","overlay-opacity":"","overlay-gradient":""},"tablet":{"background-color":"","background-image":"","background-repeat":"repeat","background-position":"center center","background-size":"auto","background-attachment":"scroll","background-type":"","background-media":"","overlay-type":"","overlay-color":"","overlay-opacity":"","overlay-gradient":""},"mobile":{"background-color":"","background-image":"","background-repeat":"repeat","background-position":"center center","background-size":"auto","background-attachment":"scroll","background-type":"","background-media":"","overlay-type":"","overlay-color":"","overlay-opacity":"","overlay-gradient":""}},"ast-content-background-meta":{"desktop":{"background-color":"var(--ast-global-color-5)","background-image":"","background-repeat":"repeat","background-position":"center center","background-size":"auto","background-attachment":"scroll","background-type":"","background-media":"","overlay-type":"","overlay-color":"","overlay-opacity":"","overlay-gradient":""},"tablet":{"background-color":"var(--ast-global-color-5)","background-image":"","background-repeat":"repeat","background-position":"center center","background-size":"auto","background-attachment":"scroll","background-type":"","background-media":"","overlay-type":"","overlay-color":"","overlay-opacity":"","overlay-gradient":""},"mobile":{"background-color":"var(--ast-global-color-5)","background-image":"","background-repeat":"repeat","background-position":"center center","background-size":"auto","background-attachment":"scroll","background-type":"","background-media":"","overlay-type":"","overlay-color":"","overlay-opacity":"","overlay-gradient":""}},"footnotes":""},"class_list":["post-1727","page","type-page","status-publish","hentry"],"_links":{"self":[{"href":"https:\/\/cenderhotel.com.tr\/index.php?rest_route=\/wp\/v2\/pages\/1727","targetHints":{"allow":["GET"]}}],"collection":[{"href":"https:\/\/cenderhotel.com.tr\/index.php?rest_route=\/wp\/v2\/pages"}],"about":[{"href":"https:\/\/cenderhotel.com.tr\/index.php?rest_route=\/wp\/v2\/types\/page"}],"author":[{"embeddable":true,"href":"https:\/\/cenderhotel.com.tr\/index.php?rest_route=\/wp\/v2\/users\/1"}],"replies":[{"embeddable":true,"href":"https:\/\/cenderhotel.com.tr\/index.php?rest_route=%2Fwp%2Fv2%2Fcomments&post=1727"}],"version-history":[{"count":25,"href":"https:\/\/cenderhotel.com.tr\/index.php?rest_route=\/wp\/v2\/pages\/1727\/revisions"}],"predecessor-version":[{"id":2205,"href":"https:\/\/cenderhotel.com.tr\/index.php?rest_route=\/wp\/v2\/pages\/1727\/revisions\/2205"}],"wp:attachment":[{"href":"https:\/\/cenderhotel.com.tr\/index.php?rest_route=%2Fwp%2Fv2%2Fmedia&parent=1727"}],"curies":[{"name":"wp","href":"https:\/\/api.w.org\/{rel}","templated":true}]}}