{"id":1742,"date":"2026-03-29T15:37:47","date_gmt":"2026-03-29T15:37:47","guid":{"rendered":"https:\/\/cenderhotel.com.tr\/?page_id=1742"},"modified":"2026-04-04T16:08:31","modified_gmt":"2026-04-04T16:08:31","slug":"hizmetlerimiz","status":"publish","type":"page","link":"https:\/\/cenderhotel.com.tr\/?page_id=1742","title":{"rendered":"Hizmetlerimiz"},"content":{"rendered":"\t\t<div data-elementor-type=\"wp-page\" data-elementor-id=\"1742\" class=\"elementor elementor-1742\" data-elementor-post-type=\"page\">\n\t\t\t\t<div class=\"elementor-element elementor-element-b387eca e-flex e-con-boxed e-con e-parent\" data-id=\"b387eca\" data-element_type=\"container\" data-e-type=\"container\" id=\"packages\" data-settings=\"{&quot;background_background&quot;:&quot;classic&quot;}\">\n\t\t\t\t\t<div class=\"e-con-inner\">\n\t\t<div class=\"elementor-element elementor-element-4942386 e-con-full e-flex e-con e-child\" data-id=\"4942386\" data-element_type=\"container\" data-e-type=\"container\" data-settings=\"{&quot;background_background&quot;:&quot;classic&quot;}\">\n\t\t\t\t<div class=\"elementor-element elementor-element-2a3f66b elementor-widget elementor-widget-heading\" data-id=\"2a3f66b\" data-element_type=\"widget\" data-e-type=\"widget\" data-widget_type=\"heading.default\">\n\t\t\t\t<div class=\"elementor-widget-container\">\n\t\t\t\t\t<h2 class=\"elementor-heading-title elementor-size-default\">Hizmetlerimiz<\/h2>\t\t\t\t<\/div>\n\t\t\t\t<\/div>\n\t\t\t\t<\/div>\n\t\t\t\t\t<\/div>\n\t\t\t\t<\/div>\n\t\t<div class=\"elementor-element elementor-element-eef7fc3 e-flex e-con-boxed e-con e-parent\" data-id=\"eef7fc3\" data-element_type=\"container\" data-e-type=\"container\">\n\t\t\t\t\t<div class=\"e-con-inner\">\n\t\t<div class=\"elementor-element elementor-element-9ee78b6 e-con-full e-flex e-con e-child\" data-id=\"9ee78b6\" data-element_type=\"container\" data-e-type=\"container\">\n\t\t<div class=\"elementor-element elementor-element-31bff3c e-con-full e-flex e-con e-child\" data-id=\"31bff3c\" data-element_type=\"container\" data-e-type=\"container\">\n\t\t<div class=\"elementor-element elementor-element-dfeb069 e-con-full e-flex e-con e-child\" data-id=\"dfeb069\" data-element_type=\"container\" data-e-type=\"container\">\n\t\t<div class=\"elementor-element elementor-element-98de625 e-con-full e-flex e-con e-child\" data-id=\"98de625\" data-element_type=\"container\" data-e-type=\"container\">\n\t\t\t\t<div class=\"elementor-element elementor-element-260e3aa elementor-widget elementor-widget-text-editor\" data-id=\"260e3aa\" data-element_type=\"widget\" data-e-type=\"widget\" data-widget_type=\"text-editor.default\">\n\t\t\t\t<div class=\"elementor-widget-container\">\n\t\t\t\t\t\t\t\t\t<div class=\"Y3BBE\" data-sfc-cp=\"\" data-sfc-root=\"c\" data-sfc-cb=\"\" data-hveid=\"CAEIBBAA\" data-processed=\"true\" data-complete=\"true\"><p><strong>\u00dccretsiz Hizmetlerimiz<\/strong><\/p><p>Misafirlerimize sundu\u011fumuz konforun bir par\u00e7as\u0131 olarak a\u015fa\u011f\u0131daki hizmetlerden ek \u00fccret \u00f6demeden yararlanabilirsiniz:<\/p><ul><li><strong>A\u00e7\u0131k Y\u00fczme Havuzu:<\/strong>\u00a0Akdeniz g\u00fcne\u015finin tad\u0131n\u0131 \u00e7\u0131karabilece\u011finiz havuzumuz, May\u0131s &#8211; Ekim aylar\u0131 aras\u0131nda hizmetinizdedir. (Hijyen standartlar\u0131m\u0131z gere\u011fi havuz havlusu i\u00e7in l\u00fctfen g\u00f6revliden yard\u0131m isteyiniz).<\/li><li><strong>G\u00fcvenli Otopark:<\/strong>\u00a0Arac\u0131n\u0131z\u0131, 24 saat g\u00fcvenlik kameras\u0131 ve personelimizce korunan a\u00e7\u0131k otopark\u0131m\u0131za huzurla emanet edebilirsiniz.<\/li><li><strong>Uyand\u0131rma Servisi:<\/strong>\u00a0G\u00fcn\u00fcn her saati (232) numaral\u0131 telefonu arayarak profesyonel uyand\u0131rma hizmetimizden faydalanabilirsiniz.<\/li><li><strong>Oyun Salonu:<\/strong>\u00a0Asma kat\u0131m\u0131zda yer alan salonumuzda tavla ve \u00e7e\u015fitli oyunlarla bo\u015f vakitlerinizi keyifle de\u011ferlendirebilirsiniz.<\/li><li><strong>Toplant\u0131 ve Banket Salonlar\u0131:<\/strong>\u00a0\u0130\u015f d\u00fcnyas\u0131n\u0131n ihtiya\u00e7lar\u0131na y\u00f6nelik; 20 ve 100 ki\u015fi kapasiteli salonlar\u0131m\u0131z\u0131n yan\u0131 s\u0131ra, 400 ki\u015fiye kadar a\u011f\u0131rlama yapabilen \u00e7ok ama\u00e7l\u0131\u00a0<strong>Panorama Salonumuz<\/strong>\u00a0ile organizasyonlar\u0131n\u0131za ev sahipli\u011fi yap\u0131yoruz.<\/li><\/ul><\/div>\t\t\t\t\t\t\t\t<\/div>\n\t\t\t\t<\/div>\n\t\t\t\t<\/div>\n\t\t<div class=\"elementor-element elementor-element-16f8835 e-con-full e-flex e-con e-child\" data-id=\"16f8835\" data-element_type=\"container\" data-e-type=\"container\">\n\t\t\t\t<div class=\"elementor-element elementor-element-7e10db7 elementor-widget elementor-widget-text-editor\" data-id=\"7e10db7\" data-element_type=\"widget\" data-e-type=\"widget\" data-widget_type=\"text-editor.default\">\n\t\t\t\t<div class=\"elementor-widget-container\">\n\t\t\t\t\t\t\t\t\t<div class=\"Y3BBE\" data-sfc-cp=\"\" data-sfc-root=\"c\" data-sfc-cb=\"\" data-hveid=\"CAEIBBAA\" data-processed=\"true\" data-complete=\"true\"><p><strong>\u00dccretli Hizmetlerimiz<\/strong><\/p><p>Ki\u015fiselle\u015ftirilmi\u015f bir deneyim ve ekstra konfor arayan misafirlerimiz i\u00e7in sundu\u011fumuz profesyonel \u00e7\u00f6z\u00fcmler:<\/p><ul><li><strong>24 Saat Oda Servisi:<\/strong>\u00a0Odan\u0131z\u0131n konforunda lezzetli bir mola vermek i\u00e7in (266) veya oda kahvalt\u0131s\u0131 i\u00e7in (264) numaral\u0131 hatlardan \u00f6zel men\u00fcm\u00fcze ula\u015fabilirsiniz.<\/li><li><strong>Sa\u011fl\u0131k Kul\u00fcb\u00fc (Fitness &amp; Sauna):<\/strong>\u00a009:00 &#8211; 21:00 saatleri aras\u0131nda hizmet veren spor salonumuz ve saunam\u0131zda g\u00fcn\u00fcn yorgunlu\u011funu atabilirsiniz. (Bilgi i\u00e7in: 250).<\/li><li><strong>Emanet Kasalar\u0131:<\/strong>\u00a0De\u011ferli e\u015fyalar\u0131n\u0131z\u0131 odan\u0131zda bulunan g\u00fcvenlik kasalar\u0131nda muhafaza edebilirsiniz.<\/li><li><strong>\u00c7ama\u015f\u0131r ve Kuru Temizleme:<\/strong>\u00a0Ki\u015fisel bak\u0131m\u0131na \u00f6zen g\u00f6steren misafirlerimiz i\u00e7in 09:00 &#8211; 16:00 saatleri aras\u0131nda h\u0131zl\u0131 ve titiz temizleme hizmeti sunuyoruz.<\/li><li><strong>Kuaf\u00f6r Hizmetleri:<\/strong>\u00a0Fitness kat\u0131nda yer alan bay ve bayan kuaf\u00f6r\u00fcm\u00fcz, 09:00 &#8211; 18:00 saatleri aras\u0131nda \u015f\u0131kl\u0131\u011f\u0131n\u0131z i\u00e7in hizmetinizdedir.<\/li><li><strong>\u0130nternet Odas\u0131:<\/strong>\u00a0Asma katta bulunan teknolojik donan\u0131ml\u0131 internet odam\u0131z\u0131 g\u00fcn\u00fcn her saati kullanabilirsiniz.<\/li><li><strong>Minibar:<\/strong>\u00a0Odan\u0131zda yer alan minibar se\u00e7enekleri g\u00fcnl\u00fck olarak takip edilmekte ve yenilenmektedir.<\/li><li><strong>Ge\u00e7 Ayr\u0131lma (Late Check-out):<\/strong>\u00a0Standart ayr\u0131l\u0131\u015f saati 12:00\u2019dir. Otel m\u00fcsaitli\u011fine g\u00f6re konaklamas\u0131n\u0131 uzatmak isteyen misafirlerimiz, bir g\u00fcn \u00f6nceden resepsiyona ba\u015fvurarak detayl\u0131 bilgi alabilirler.<\/li><\/ul><\/div>\t\t\t\t\t\t\t\t<\/div>\n\t\t\t\t<\/div>\n\t\t\t\t<\/div>\n\t\t\t\t<\/div>\n\t\t\t\t<div class=\"elementor-element elementor-element-9974c61 elementor-widget elementor-widget-text-editor\" data-id=\"9974c61\" data-element_type=\"widget\" data-e-type=\"widget\" data-widget_type=\"text-editor.default\">\n\t\t\t\t<div class=\"elementor-widget-container\">\n\t\t\t\t\t\t\t\t\t<p>\u00a0 \u00a0 \u00a0 \u00a0 \u00a0Cender Hotel olarak, konaklaman\u0131z boyunca kendinizi ayr\u0131cal\u0131kl\u0131 ve rahat hissetmeniz i\u00e7in geni\u015f bir hizmet yelpazesi sunuyoruz. \u0130ster i\u015f ister tatil ama\u00e7l\u0131 olsun, t\u00fcm ihtiya\u00e7lar\u0131n\u0131z profesyonel ekibimiz taraf\u0131ndan titizlikle kar\u015f\u0131lanmaktad\u0131r.<\/p>\t\t\t\t\t\t\t\t<\/div>\n\t\t\t\t<\/div>\n\t\t<div class=\"elementor-element elementor-element-3142d01 e-con-full e-flex e-con e-child\" data-id=\"3142d01\" data-element_type=\"container\" data-e-type=\"container\">\n\t\t\t\t<div class=\"elementor-element elementor-element-a972ab9 elementor-widget elementor-widget-text-editor\" data-id=\"a972ab9\" data-element_type=\"widget\" data-e-type=\"widget\" data-widget_type=\"text-editor.default\">\n\t\t\t\t<div class=\"elementor-widget-container\">\n\t\t\t\t\t\t\t\t\t<p><strong>Sizlere hizmet vermekten mutluluk duyuyoruz.<\/strong><\/p>\t\t\t\t\t\t\t\t<\/div>\n\t\t\t\t<\/div>\n\t\t\t\t<\/div>\n\t\t\t\t<\/div>\n\t\t\t\t<\/div>\n\t\t\t\t\t<\/div>\n\t\t\t\t<\/div>\n\t\t<div class=\"elementor-element elementor-element-7465f6a e-flex e-con-boxed e-con e-parent\" data-id=\"7465f6a\" data-element_type=\"container\" data-e-type=\"container\">\n\t\t\t\t\t<div class=\"e-con-inner\">\n\t\t\t\t\t<\/div>\n\t\t\t\t<\/div>\n\t\t\t\t<\/div>\n\t\t","protected":false},"excerpt":{"rendered":"<p>Hizmetlerimiz \u00dccretsiz Hizmetlerimiz Misafirlerimize sundu\u011fumuz konforun bir par\u00e7as\u0131 olarak a\u015fa\u011f\u0131daki hizmetlerden ek \u00fccret \u00f6demeden yararlanabilirsiniz: A\u00e7\u0131k Y\u00fczme Havuzu:\u00a0Akdeniz g\u00fcne\u015finin tad\u0131n\u0131 \u00e7\u0131karabilece\u011finiz havuzumuz, May\u0131s &#8211; Ekim aylar\u0131 aras\u0131nda hizmetinizdedir. (Hijyen standartlar\u0131m\u0131z gere\u011fi havuz havlusu i\u00e7in l\u00fctfen g\u00f6revliden yard\u0131m isteyiniz). G\u00fcvenli Otopark:\u00a0Arac\u0131n\u0131z\u0131, 24 saat g\u00fcvenlik kameras\u0131 ve personelimizce korunan a\u00e7\u0131k otopark\u0131m\u0131za huzurla emanet edebilirsiniz. Uyand\u0131rma Servisi:\u00a0G\u00fcn\u00fcn her [&hellip;]<\/p>\n","protected":false},"author":1,"featured_media":0,"parent":0,"menu_order":0,"comment_status":"closed","ping_status":"closed","template":"","meta":{"site-sidebar-layout":"no-sidebar","site-content-layout":"page-builder","ast-site-content-layout":"default","site-content-style":"default","site-sidebar-style":"default","ast-global-header-display":"","ast-banner-title-visibility":"","ast-main-header-display":"","ast-hfb-above-header-display":"","ast-hfb-below-header-display":"","ast-hfb-mobile-header-display":"","site-post-title":"disabled","ast-breadcrumbs-content":"","ast-featured-img":"disabled","footer-sml-layout":"","ast-disable-related-posts":"","theme-transparent-header-meta":"enabled","adv-header-id-meta":"","stick-header-meta":"","header-above-stick-meta":"","header-main-stick-meta":"","header-below-stick-meta":"","astra-migrate-meta-layouts":"default","ast-page-background-enabled":"default","ast-page-background-meta":{"desktop":{"background-color":"","background-image":"","background-repeat":"repeat","background-position":"center center","background-size":"auto","background-attachment":"scroll","background-type":"","background-media":"","overlay-type":"","overlay-color":"","overlay-opacity":"","overlay-gradient":""},"tablet":{"background-color":"","background-image":"","background-repeat":"repeat","background-position":"center center","background-size":"auto","background-attachment":"scroll","background-type":"","background-media":"","overlay-type":"","overlay-color":"","overlay-opacity":"","overlay-gradient":""},"mobile":{"background-color":"","background-image":"","background-repeat":"repeat","background-position":"center center","background-size":"auto","background-attachment":"scroll","background-type":"","background-media":"","overlay-type":"","overlay-color":"","overlay-opacity":"","overlay-gradient":""}},"ast-content-background-meta":{"desktop":{"background-color":"var(--ast-global-color-5)","background-image":"","background-repeat":"repeat","background-position":"center center","background-size":"auto","background-attachment":"scroll","background-type":"","background-media":"","overlay-type":"","overlay-color":"","overlay-opacity":"","overlay-gradient":""},"tablet":{"background-color":"var(--ast-global-color-5)","background-image":"","background-repeat":"repeat","background-position":"center center","background-size":"auto","background-attachment":"scroll","background-type":"","background-media":"","overlay-type":"","overlay-color":"","overlay-opacity":"","overlay-gradient":""},"mobile":{"background-color":"var(--ast-global-color-5)","background-image":"","background-repeat":"repeat","background-position":"center center","background-size":"auto","background-attachment":"scroll","background-type":"","background-media":"","overlay-type":"","overlay-color":"","overlay-opacity":"","overlay-gradient":""}},"footnotes":""},"class_list":["post-1742","page","type-page","status-publish","hentry"],"_links":{"self":[{"href":"https:\/\/cenderhotel.com.tr\/index.php?rest_route=\/wp\/v2\/pages\/1742","targetHints":{"allow":["GET"]}}],"collection":[{"href":"https:\/\/cenderhotel.com.tr\/index.php?rest_route=\/wp\/v2\/pages"}],"about":[{"href":"https:\/\/cenderhotel.com.tr\/index.php?rest_route=\/wp\/v2\/types\/page"}],"author":[{"embeddable":true,"href":"https:\/\/cenderhotel.com.tr\/index.php?rest_route=\/wp\/v2\/users\/1"}],"replies":[{"embeddable":true,"href":"https:\/\/cenderhotel.com.tr\/index.php?rest_route=%2Fwp%2Fv2%2Fcomments&post=1742"}],"version-history":[{"count":19,"href":"https:\/\/cenderhotel.com.tr\/index.php?rest_route=\/wp\/v2\/pages\/1742\/revisions"}],"predecessor-version":[{"id":2238,"href":"https:\/\/cenderhotel.com.tr\/index.php?rest_route=\/wp\/v2\/pages\/1742\/revisions\/2238"}],"wp:attachment":[{"href":"https:\/\/cenderhotel.com.tr\/index.php?rest_route=%2Fwp%2Fv2%2Fmedia&parent=1742"}],"curies":[{"name":"wp","href":"https:\/\/api.w.org\/{rel}","templated":true}]}}