{"id":1756,"date":"2026-03-29T18:12:26","date_gmt":"2026-03-29T18:12:26","guid":{"rendered":"https:\/\/cenderhotel.com.tr\/?page_id=1756"},"modified":"2026-04-04T15:58:51","modified_gmt":"2026-04-04T15:58:51","slug":"aktivitiler","status":"publish","type":"page","link":"https:\/\/cenderhotel.com.tr\/?page_id=1756","title":{"rendered":"Aktivitiler"},"content":{"rendered":"\t\t<div data-elementor-type=\"wp-page\" data-elementor-id=\"1756\" class=\"elementor elementor-1756\" data-elementor-post-type=\"page\">\n\t\t\t\t<div class=\"elementor-element elementor-element-4d0a38e e-flex e-con-boxed e-con e-parent\" data-id=\"4d0a38e\" data-element_type=\"container\" data-e-type=\"container\">\n\t\t\t\t\t<div class=\"e-con-inner\">\n\t\t<div class=\"elementor-element elementor-element-8fae0f5 e-con-full e-flex e-con e-child\" data-id=\"8fae0f5\" data-element_type=\"container\" data-e-type=\"container\" data-settings=\"{&quot;background_background&quot;:&quot;classic&quot;}\">\n\t\t<div class=\"elementor-element elementor-element-5413f1e e-con-full e-flex e-con e-child\" data-id=\"5413f1e\" data-element_type=\"container\" data-e-type=\"container\" data-settings=\"{&quot;background_background&quot;:&quot;classic&quot;}\">\n\t\t\t\t<div class=\"elementor-element elementor-element-6516833 elementor-widget elementor-widget-heading\" data-id=\"6516833\" data-element_type=\"widget\" data-e-type=\"widget\" data-widget_type=\"heading.default\">\n\t\t\t\t<div class=\"elementor-widget-container\">\n\t\t\t\t\t<h2 class=\"elementor-heading-title elementor-size-default\">Aktivitiler<\/h2>\t\t\t\t<\/div>\n\t\t\t\t<\/div>\n\t\t\t\t<\/div>\n\t\t\t\t<\/div>\n\t\t\t\t\t<\/div>\n\t\t\t\t<\/div>\n\t\t<div class=\"elementor-element elementor-element-885f20d e-flex e-con-boxed e-con e-parent\" data-id=\"885f20d\" data-element_type=\"container\" data-e-type=\"container\">\n\t\t\t\t\t<div class=\"e-con-inner\">\n\t\t<div class=\"elementor-element elementor-element-41ede21 e-con-full e-flex e-con e-child\" data-id=\"41ede21\" data-element_type=\"container\" data-e-type=\"container\" data-settings=\"{&quot;background_background&quot;:&quot;gradient&quot;}\">\n\t\t<div class=\"elementor-element elementor-element-8c0ba1a e-con-full e-flex e-con e-child\" data-id=\"8c0ba1a\" data-element_type=\"container\" data-e-type=\"container\">\n\t\t\t\t<div class=\"elementor-element elementor-element-d556abe elementor-widget elementor-widget-image\" data-id=\"d556abe\" data-element_type=\"widget\" data-e-type=\"widget\" data-widget_type=\"image.default\">\n\t\t\t\t<div class=\"elementor-widget-container\">\n\t\t\t\t\t\t\t\t\t\t\t\t\t\t\t<img fetchpriority=\"high\" decoding=\"async\" width=\"740\" height=\"490\" src=\"https:\/\/cenderhotel.com.tr\/wp-content\/uploads\/2026\/03\/pool-3.jpg\" class=\"attachment-large size-large wp-image-1754\" alt=\"cender 4 (2)\" srcset=\"https:\/\/cenderhotel.com.tr\/wp-content\/uploads\/2026\/03\/pool-3.jpg 740w, https:\/\/cenderhotel.com.tr\/wp-content\/uploads\/2026\/03\/pool-3-300x199.jpg 300w\" sizes=\"(max-width: 740px) 100vw, 740px\" title=\"Aktivitiler\">\t\t\t\t\t\t\t\t\t\t\t\t\t\t\t<\/div>\n\t\t\t\t<\/div>\n\t\t\t\t<\/div>\n\t\t<div class=\"elementor-element elementor-element-60d02a9 e-con-full e-flex e-con e-child\" data-id=\"60d02a9\" data-element_type=\"container\" data-e-type=\"container\" data-settings=\"{&quot;background_background&quot;:&quot;classic&quot;}\">\n\t\t\t\t<div class=\"elementor-element elementor-element-31d150d elementor-widget elementor-widget-heading\" data-id=\"31d150d\" data-element_type=\"widget\" data-e-type=\"widget\" data-widget_type=\"heading.default\">\n\t\t\t\t<div class=\"elementor-widget-container\">\n\t\t\t\t\t<h3 class=\"elementor-heading-title elementor-size-default\">Y\u00fczme Havuzu<\/h3>\t\t\t\t<\/div>\n\t\t\t\t<\/div>\n\t\t\t\t<\/div>\n\t\t<div class=\"elementor-element elementor-element-44ba19f e-con-full e-flex e-con e-child\" data-id=\"44ba19f\" data-element_type=\"container\" data-e-type=\"container\">\n\t\t\t\t<div class=\"elementor-element elementor-element-bbe3dd7 elementor-widget elementor-widget-text-editor\" data-id=\"bbe3dd7\" data-element_type=\"widget\" data-e-type=\"widget\" data-widget_type=\"text-editor.default\">\n\t\t\t\t<div class=\"elementor-widget-container\">\n\t\t\t\t\t\t\t\t\t<p>Havuzumuz May\u0131s-Ekim aylar\u0131 aras\u0131nda hizmetinizdedir. Odalar\u0131n\u0131zdaki havlular\u0131 havuza g\u00f6t\u00fcrmemenizi rica ederiz. Havlu i\u00e7in havuz g\u00f6revlisinden ya da resepsiyondan yard\u0131m isteyebilirsiniz.<\/p>\t\t\t\t\t\t\t\t<\/div>\n\t\t\t\t<\/div>\n\t\t\t\t<\/div>\n\t\t\t\t<\/div>\n\t\t<div class=\"elementor-element elementor-element-9b02182 e-con-full e-flex e-con e-child\" data-id=\"9b02182\" data-element_type=\"container\" data-e-type=\"container\" data-settings=\"{&quot;background_background&quot;:&quot;gradient&quot;}\">\n\t\t<div class=\"elementor-element elementor-element-e0bfe55 e-con-full e-flex e-con e-child\" data-id=\"e0bfe55\" data-element_type=\"container\" data-e-type=\"container\">\n\t\t\t\t<div class=\"elementor-element elementor-element-cb7d3f7 elementor-widget elementor-widget-image\" data-id=\"cb7d3f7\" data-element_type=\"widget\" data-e-type=\"widget\" data-widget_type=\"image.default\">\n\t\t\t\t<div class=\"elementor-widget-container\">\n\t\t\t\t\t\t\t\t\t\t\t\t\t\t\t<img decoding=\"async\" width=\"740\" height=\"490\" src=\"https:\/\/cenderhotel.com.tr\/wp-content\/uploads\/2026\/03\/hamam-sauna-1.jpg\" class=\"attachment-large size-large wp-image-1753\" alt=\"hamam sauna 1\" srcset=\"https:\/\/cenderhotel.com.tr\/wp-content\/uploads\/2026\/03\/hamam-sauna-1.jpg 740w, https:\/\/cenderhotel.com.tr\/wp-content\/uploads\/2026\/03\/hamam-sauna-1-300x199.jpg 300w\" sizes=\"(max-width: 740px) 100vw, 740px\" title=\"Aktivitiler\">\t\t\t\t\t\t\t\t\t\t\t\t\t\t\t<\/div>\n\t\t\t\t<\/div>\n\t\t\t\t<\/div>\n\t\t<div class=\"elementor-element elementor-element-1706545 e-con-full e-flex e-con e-child\" data-id=\"1706545\" data-element_type=\"container\" data-e-type=\"container\" data-settings=\"{&quot;background_background&quot;:&quot;classic&quot;}\">\n\t\t\t\t<div class=\"elementor-element elementor-element-9c6609e elementor-widget elementor-widget-heading\" data-id=\"9c6609e\" data-element_type=\"widget\" data-e-type=\"widget\" data-widget_type=\"heading.default\">\n\t\t\t\t<div class=\"elementor-widget-container\">\n\t\t\t\t\t<h3 class=\"elementor-heading-title elementor-size-default\">Hamam &amp; Sauna<\/h3>\t\t\t\t<\/div>\n\t\t\t\t<\/div>\n\t\t\t\t<\/div>\n\t\t<div class=\"elementor-element elementor-element-4da8a8f e-con-full e-flex e-con e-child\" data-id=\"4da8a8f\" data-element_type=\"container\" data-e-type=\"container\">\n\t\t\t\t<div class=\"elementor-element elementor-element-69c44d8 elementor-widget elementor-widget-text-editor\" data-id=\"69c44d8\" data-element_type=\"widget\" data-e-type=\"widget\" data-widget_type=\"text-editor.default\">\n\t\t\t\t<div class=\"elementor-widget-container\">\n\t\t\t\t\t\t\t\t\t<p>Otelimizde bulunan T\u00fcrk Hamam\u0131 ve Saunada g\u00fcn\u00fcn yorgunlu\u011funu \u00fczerinizden at\u0131p rahatlama imkan\u0131 bulabileceksiniz.<\/p>\t\t\t\t\t\t\t\t<\/div>\n\t\t\t\t<\/div>\n\t\t\t\t<\/div>\n\t\t\t\t<\/div>\n\t\t<div class=\"elementor-element elementor-element-b46edad e-con-full e-flex e-con e-child\" data-id=\"b46edad\" data-element_type=\"container\" data-e-type=\"container\" data-settings=\"{&quot;background_background&quot;:&quot;gradient&quot;}\">\n\t\t<div class=\"elementor-element elementor-element-a88c821 e-con-full e-flex e-con e-child\" data-id=\"a88c821\" data-element_type=\"container\" data-e-type=\"container\">\n\t\t\t\t<div class=\"elementor-element elementor-element-a35a0ac elementor-widget elementor-widget-image\" data-id=\"a35a0ac\" data-element_type=\"widget\" data-e-type=\"widget\" data-widget_type=\"image.default\">\n\t\t\t\t<div class=\"elementor-widget-container\">\n\t\t\t\t\t\t\t\t\t\t\t\t\t\t\t<img decoding=\"async\" width=\"900\" height=\"600\" src=\"https:\/\/cenderhotel.com.tr\/wp-content\/uploads\/2026\/03\/game-room-7.jpg\" class=\"attachment-large size-large wp-image-1752\" alt=\"game room 7\" srcset=\"https:\/\/cenderhotel.com.tr\/wp-content\/uploads\/2026\/03\/game-room-7.jpg 900w, https:\/\/cenderhotel.com.tr\/wp-content\/uploads\/2026\/03\/game-room-7-300x200.jpg 300w, https:\/\/cenderhotel.com.tr\/wp-content\/uploads\/2026\/03\/game-room-7-768x512.jpg 768w\" sizes=\"(max-width: 900px) 100vw, 900px\" title=\"Aktivitiler\">\t\t\t\t\t\t\t\t\t\t\t\t\t\t\t<\/div>\n\t\t\t\t<\/div>\n\t\t\t\t<\/div>\n\t\t<div class=\"elementor-element elementor-element-8751a11 e-con-full e-flex e-con e-child\" data-id=\"8751a11\" data-element_type=\"container\" data-e-type=\"container\" data-settings=\"{&quot;background_background&quot;:&quot;classic&quot;}\">\n\t\t\t\t<div class=\"elementor-element elementor-element-2d00a19 elementor-widget elementor-widget-heading\" data-id=\"2d00a19\" data-element_type=\"widget\" data-e-type=\"widget\" data-widget_type=\"heading.default\">\n\t\t\t\t<div class=\"elementor-widget-container\">\n\t\t\t\t\t<h3 class=\"elementor-heading-title elementor-size-default\">Oyun Salonu<\/h3>\t\t\t\t<\/div>\n\t\t\t\t<\/div>\n\t\t\t\t<\/div>\n\t\t<div class=\"elementor-element elementor-element-5e0a126 e-con-full e-flex e-con e-child\" data-id=\"5e0a126\" data-element_type=\"container\" data-e-type=\"container\">\n\t\t\t\t<div class=\"elementor-element elementor-element-221dc99 elementor-widget elementor-widget-text-editor\" data-id=\"221dc99\" data-element_type=\"widget\" data-e-type=\"widget\" data-widget_type=\"text-editor.default\">\n\t\t\t\t<div class=\"elementor-widget-container\">\n\t\t\t\t\t\t\t\t\t<p>Konuklar\u0131m\u0131z\u0131n bo\u015f vakitlerinde e\u011flenceli zaman ge\u00e7irebilecekleri Bilardo, Tavla, Okey, Kartl\u0131 Oyunlar oynanan bir oyun odas\u0131 da ayr\u0131ca sunulan hizmetlerimiz aras\u0131ndad\u0131r.<\/p>\t\t\t\t\t\t\t\t<\/div>\n\t\t\t\t<\/div>\n\t\t\t\t<\/div>\n\t\t\t\t<\/div>\n\t\t\t\t\t<\/div>\n\t\t\t\t<\/div>\n\t\t<div class=\"elementor-element elementor-element-425cfdb e-flex e-con-boxed e-con e-parent\" data-id=\"425cfdb\" data-element_type=\"container\" data-e-type=\"container\">\n\t\t\t\t\t<div class=\"e-con-inner\">\n\t\t<div class=\"elementor-element elementor-element-6970347 e-con-full e-flex e-con e-child\" data-id=\"6970347\" data-element_type=\"container\" data-e-type=\"container\" data-settings=\"{&quot;background_background&quot;:&quot;gradient&quot;}\">\n\t\t<div class=\"elementor-element elementor-element-7f7131a e-con-full e-flex e-con e-child\" data-id=\"7f7131a\" data-element_type=\"container\" data-e-type=\"container\">\n\t\t\t\t<div class=\"elementor-element elementor-element-352c67b elementor-widget elementor-widget-image\" data-id=\"352c67b\" data-element_type=\"widget\" data-e-type=\"widget\" data-widget_type=\"image.default\">\n\t\t\t\t<div class=\"elementor-widget-container\">\n\t\t\t\t\t\t\t\t\t\t\t\t\t\t\t<img loading=\"lazy\" decoding=\"async\" width=\"900\" height=\"600\" src=\"https:\/\/cenderhotel.com.tr\/wp-content\/uploads\/2026\/03\/reading-tv-3.jpg\" class=\"attachment-large size-large wp-image-1755\" alt=\"reading tv 3\" srcset=\"https:\/\/cenderhotel.com.tr\/wp-content\/uploads\/2026\/03\/reading-tv-3.jpg 900w, https:\/\/cenderhotel.com.tr\/wp-content\/uploads\/2026\/03\/reading-tv-3-300x200.jpg 300w, https:\/\/cenderhotel.com.tr\/wp-content\/uploads\/2026\/03\/reading-tv-3-768x512.jpg 768w\" sizes=\"(max-width: 900px) 100vw, 900px\" title=\"Aktivitiler\">\t\t\t\t\t\t\t\t\t\t\t\t\t\t\t<\/div>\n\t\t\t\t<\/div>\n\t\t\t\t<\/div>\n\t\t<div class=\"elementor-element elementor-element-1c2fced e-con-full e-flex e-con e-child\" data-id=\"1c2fced\" data-element_type=\"container\" data-e-type=\"container\" data-settings=\"{&quot;background_background&quot;:&quot;classic&quot;}\">\n\t\t\t\t<div class=\"elementor-element elementor-element-ee740be elementor-widget elementor-widget-heading\" data-id=\"ee740be\" data-element_type=\"widget\" data-e-type=\"widget\" data-widget_type=\"heading.default\">\n\t\t\t\t<div class=\"elementor-widget-container\">\n\t\t\t\t\t<h3 class=\"elementor-heading-title elementor-size-default\">Okuma &amp; TV Salonu<\/h3>\t\t\t\t<\/div>\n\t\t\t\t<\/div>\n\t\t\t\t<\/div>\n\t\t<div class=\"elementor-element elementor-element-793040a e-con-full e-flex e-con e-child\" data-id=\"793040a\" data-element_type=\"container\" data-e-type=\"container\">\n\t\t\t\t<div class=\"elementor-element elementor-element-5c919c2 elementor-widget elementor-widget-text-editor\" data-id=\"5c919c2\" data-element_type=\"widget\" data-e-type=\"widget\" data-widget_type=\"text-editor.default\">\n\t\t\t\t<div class=\"elementor-widget-container\">\n\t\t\t\t\t\t\t\t\t<p>G\u00fcn\u00fcn yorgunlu\u011funu \u00fczerinizden atmak, g\u00fcnl\u00fck gazeteleri yada kitaplar\u0131n\u0131z\u0131 okumak isteyebilece\u011finiz sessiz bir mekand\u0131r. Odam\u0131zda bulunan b\u00fcy\u00fck ekran TV&#8217;yi izleyebilirsiniz.<\/p>\t\t\t\t\t\t\t\t<\/div>\n\t\t\t\t<\/div>\n\t\t\t\t<\/div>\n\t\t\t\t<\/div>\n\t\t<div class=\"elementor-element elementor-element-daaba7f e-con-full e-flex e-con e-child\" data-id=\"daaba7f\" data-element_type=\"container\" data-e-type=\"container\" data-settings=\"{&quot;background_background&quot;:&quot;gradient&quot;}\">\n\t\t<div class=\"elementor-element elementor-element-64d8ddc e-con-full e-flex e-con e-child\" data-id=\"64d8ddc\" data-element_type=\"container\" data-e-type=\"container\">\n\t\t\t\t<div class=\"elementor-element elementor-element-f85c32d elementor-widget elementor-widget-image\" data-id=\"f85c32d\" data-element_type=\"widget\" data-e-type=\"widget\" data-widget_type=\"image.default\">\n\t\t\t\t<div class=\"elementor-widget-container\">\n\t\t\t\t\t\t\t\t\t\t\t\t\t\t\t<img fetchpriority=\"high\" decoding=\"async\" width=\"740\" height=\"490\" src=\"https:\/\/cenderhotel.com.tr\/wp-content\/uploads\/2026\/03\/pool-3.jpg\" class=\"attachment-large size-large wp-image-1754\" alt=\"cender 4 (2)\" srcset=\"https:\/\/cenderhotel.com.tr\/wp-content\/uploads\/2026\/03\/pool-3.jpg 740w, https:\/\/cenderhotel.com.tr\/wp-content\/uploads\/2026\/03\/pool-3-300x199.jpg 300w\" sizes=\"(max-width: 740px) 100vw, 740px\" title=\"Aktivitiler\">\t\t\t\t\t\t\t\t\t\t\t\t\t\t\t<\/div>\n\t\t\t\t<\/div>\n\t\t\t\t<\/div>\n\t\t<div class=\"elementor-element elementor-element-b45c843 e-con-full e-flex e-con e-child\" data-id=\"b45c843\" data-element_type=\"container\" data-e-type=\"container\" data-settings=\"{&quot;background_background&quot;:&quot;classic&quot;}\">\n\t\t\t\t<div class=\"elementor-element elementor-element-aaf3f0e elementor-widget elementor-widget-heading\" data-id=\"aaf3f0e\" data-element_type=\"widget\" data-e-type=\"widget\" data-widget_type=\"heading.default\">\n\t\t\t\t<div class=\"elementor-widget-container\">\n\t\t\t\t\t<h3 class=\"elementor-heading-title elementor-size-default\">Spor Salonu<\/h3>\t\t\t\t<\/div>\n\t\t\t\t<\/div>\n\t\t\t\t<\/div>\n\t\t<div class=\"elementor-element elementor-element-6d7dffe e-con-full e-flex e-con e-child\" data-id=\"6d7dffe\" data-element_type=\"container\" data-e-type=\"container\">\n\t\t\t\t<div class=\"elementor-element elementor-element-bee1ac0 elementor-widget elementor-widget-text-editor\" data-id=\"bee1ac0\" data-element_type=\"widget\" data-e-type=\"widget\" data-widget_type=\"text-editor.default\">\n\t\t\t\t<div class=\"elementor-widget-container\">\n\t\t\t\t\t\t\t\t\t<p>Herkese Gen\u00e7, Sa\u011fl\u0131kl\u0131 ve Zinde bir Ya\u015fam! Sa\u011fl\u0131kl\u0131 ve d\u00fczg\u00fcn bir v\u00fccuda sahip olmak art\u0131k \u00e7ok kolay! \u00c7al\u0131\u015fmalar\u0131n\u0131z\u0131 keyfe d\u00f6n\u00fc\u015ft\u00fcrecek ideal bir mekan.<\/p>\t\t\t\t\t\t\t\t<\/div>\n\t\t\t\t<\/div>\n\t\t\t\t<\/div>\n\t\t\t\t<\/div>\n\t\t\t\t\t<\/div>\n\t\t\t\t<\/div>\n\t\t\t\t<\/div>\n\t\t","protected":false},"excerpt":{"rendered":"<p>Aktivitiler Y\u00fczme Havuzu Havuzumuz May\u0131s-Ekim aylar\u0131 aras\u0131nda hizmetinizdedir. Odalar\u0131n\u0131zdaki havlular\u0131 havuza g\u00f6t\u00fcrmemenizi rica ederiz. Havlu i\u00e7in havuz g\u00f6revlisinden ya da resepsiyondan yard\u0131m isteyebilirsiniz. Hamam &amp; Sauna Otelimizde bulunan T\u00fcrk Hamam\u0131 ve Saunada g\u00fcn\u00fcn yorgunlu\u011funu \u00fczerinizden at\u0131p rahatlama imkan\u0131 bulabileceksiniz. Oyun Salonu Konuklar\u0131m\u0131z\u0131n bo\u015f vakitlerinde e\u011flenceli zaman ge\u00e7irebilecekleri Bilardo, Tavla, Okey, Kartl\u0131 Oyunlar oynanan bir oyun [&hellip;]<\/p>\n","protected":false},"author":1,"featured_media":0,"parent":0,"menu_order":0,"comment_status":"closed","ping_status":"closed","template":"","meta":{"site-sidebar-layout":"no-sidebar","site-content-layout":"page-builder","ast-site-content-layout":"default","site-content-style":"default","site-sidebar-style":"default","ast-global-header-display":"","ast-banner-title-visibility":"","ast-main-header-display":"","ast-hfb-above-header-display":"","ast-hfb-below-header-display":"","ast-hfb-mobile-header-display":"","site-post-title":"disabled","ast-breadcrumbs-content":"","ast-featured-img":"disabled","footer-sml-layout":"","ast-disable-related-posts":"","theme-transparent-header-meta":"enabled","adv-header-id-meta":"","stick-header-meta":"","header-above-stick-meta":"","header-main-stick-meta":"","header-below-stick-meta":"","astra-migrate-meta-layouts":"default","ast-page-background-enabled":"default","ast-page-background-meta":{"desktop":{"background-color":"","background-image":"","background-repeat":"repeat","background-position":"center center","background-size":"auto","background-attachment":"scroll","background-type":"","background-media":"","overlay-type":"","overlay-color":"","overlay-opacity":"","overlay-gradient":""},"tablet":{"background-color":"","background-image":"","background-repeat":"repeat","background-position":"center center","background-size":"auto","background-attachment":"scroll","background-type":"","background-media":"","overlay-type":"","overlay-color":"","overlay-opacity":"","overlay-gradient":""},"mobile":{"background-color":"","background-image":"","background-repeat":"repeat","background-position":"center center","background-size":"auto","background-attachment":"scroll","background-type":"","background-media":"","overlay-type":"","overlay-color":"","overlay-opacity":"","overlay-gradient":""}},"ast-content-background-meta":{"desktop":{"background-color":"var(--ast-global-color-5)","background-image":"","background-repeat":"repeat","background-position":"center center","background-size":"auto","background-attachment":"scroll","background-type":"","background-media":"","overlay-type":"","overlay-color":"","overlay-opacity":"","overlay-gradient":""},"tablet":{"background-color":"var(--ast-global-color-5)","background-image":"","background-repeat":"repeat","background-position":"center center","background-size":"auto","background-attachment":"scroll","background-type":"","background-media":"","overlay-type":"","overlay-color":"","overlay-opacity":"","overlay-gradient":""},"mobile":{"background-color":"var(--ast-global-color-5)","background-image":"","background-repeat":"repeat","background-position":"center center","background-size":"auto","background-attachment":"scroll","background-type":"","background-media":"","overlay-type":"","overlay-color":"","overlay-opacity":"","overlay-gradient":""}},"footnotes":""},"class_list":["post-1756","page","type-page","status-publish","hentry"],"_links":{"self":[{"href":"https:\/\/cenderhotel.com.tr\/index.php?rest_route=\/wp\/v2\/pages\/1756","targetHints":{"allow":["GET"]}}],"collection":[{"href":"https:\/\/cenderhotel.com.tr\/index.php?rest_route=\/wp\/v2\/pages"}],"about":[{"href":"https:\/\/cenderhotel.com.tr\/index.php?rest_route=\/wp\/v2\/types\/page"}],"author":[{"embeddable":true,"href":"https:\/\/cenderhotel.com.tr\/index.php?rest_route=\/wp\/v2\/users\/1"}],"replies":[{"embeddable":true,"href":"https:\/\/cenderhotel.com.tr\/index.php?rest_route=%2Fwp%2Fv2%2Fcomments&post=1756"}],"version-history":[{"count":28,"href":"https:\/\/cenderhotel.com.tr\/index.php?rest_route=\/wp\/v2\/pages\/1756\/revisions"}],"predecessor-version":[{"id":2220,"href":"https:\/\/cenderhotel.com.tr\/index.php?rest_route=\/wp\/v2\/pages\/1756\/revisions\/2220"}],"wp:attachment":[{"href":"https:\/\/cenderhotel.com.tr\/index.php?rest_route=%2Fwp%2Fv2%2Fmedia&parent=1756"}],"curies":[{"name":"wp","href":"https:\/\/api.w.org\/{rel}","templated":true}]}}