{"id":1908,"date":"2026-04-01T18:59:26","date_gmt":"2026-04-01T18:59:26","guid":{"rendered":"https:\/\/cenderhotel.com.tr\/?page_id=1908"},"modified":"2026-04-04T16:35:26","modified_gmt":"2026-04-04T16:35:26","slug":"rezervasyon","status":"publish","type":"page","link":"https:\/\/cenderhotel.com.tr\/?page_id=1908","title":{"rendered":"Rezervasyon"},"content":{"rendered":"\t\t<div data-elementor-type=\"wp-page\" data-elementor-id=\"1908\" class=\"elementor elementor-1908\" data-elementor-post-type=\"page\">\n\t\t\t\t<div class=\"elementor-element elementor-element-68c92dc e-flex e-con-boxed e-con e-parent\" data-id=\"68c92dc\" data-element_type=\"container\" data-e-type=\"container\" data-settings=\"{&quot;background_background&quot;:&quot;classic&quot;}\">\n\t\t\t\t\t<div class=\"e-con-inner\">\n\t\t<div class=\"elementor-element elementor-element-e8884a7 e-con-full e-flex e-con e-child\" data-id=\"e8884a7\" data-element_type=\"container\" data-e-type=\"container\" data-settings=\"{&quot;background_background&quot;:&quot;classic&quot;}\">\n\t\t<div class=\"elementor-element elementor-element-659c501 e-con-full e-flex e-con e-child\" data-id=\"659c501\" data-element_type=\"container\" data-e-type=\"container\" data-settings=\"{&quot;background_background&quot;:&quot;classic&quot;}\">\n\t\t\t\t<\/div>\n\t\t\t\t<\/div>\n\t\t\t\t\t<\/div>\n\t\t\t\t<\/div>\n\t\t<div class=\"elementor-element elementor-element-626add3 e-flex e-con-boxed e-con e-parent\" data-id=\"626add3\" data-element_type=\"container\" data-e-type=\"container\">\n\t\t\t\t\t<div class=\"e-con-inner\">\n\t\t<div class=\"elementor-element elementor-element-1941bc0 e-con-full e-flex e-con e-child\" data-id=\"1941bc0\" data-element_type=\"container\" data-e-type=\"container\" data-settings=\"{&quot;background_background&quot;:&quot;classic&quot;}\">\n\t\t\t\t<div class=\"elementor-element elementor-element-e58633e elementor-widget elementor-widget-sureforms_form\" data-id=\"e58633e\" data-element_type=\"widget\" data-e-type=\"widget\" data-widget_type=\"sureforms_form.default\">\n\t\t\t\t<div class=\"elementor-widget-container\">\n\t\t\t\t\t\t\t\t<div class=\"srfm-form-container srfm-form-container-1898 srfm-form-container-1898-elementor-e58633e srfm-bg-color srfm-submit-button-hidden\">\n\t\t\t<style>\n\t\t\t\t\/* Need to check and remove the input variables related to the Style Tab. *\/\n\t\t\t\t.srfm-form-container-1898-elementor-e58633e {\n\t\t\t\t\t\/* New test variables *\/\n\t\t\t\t\t--srfm-color-scheme-primary: #111C44;\n\t\t\t\t\t--srfm-color-scheme-text-on-primary: #FFFFFF;\n\t\t\t\t\t--srfm-color-scheme-text: #1E1E1E;\n\t\t\t\t\t--srfm-quill-editor-color: #111C44;\n\n\t\t\t\t\t--srfm-color-input-label: #1E1E1E;\n\t\t\t\t\t--srfm-color-input-description: hsl( from #1E1E1E h s l \/ 0.65 );\n\t\t\t\t\t--srfm-color-input-placeholder: hsl( from #1E1E1E h s l \/ 0.5 );\n\t\t\t\t\t--srfm-color-input-text: #1E1E1E;\n\t\t\t\t\t--srfm-color-input-prefix: hsl( from #1E1E1E h s l \/ 0.65 );\n\t\t\t\t\t--srfm-color-input-background: hsl( from #1E1E1E h s l \/ 0.02 );\n\t\t\t\t\t--srfm-color-input-background-hover: hsl( from #1E1E1E h s l \/ 0.05 );\n\t\t\t\t\t--srfm-color-input-background-disabled: hsl( from #1E1E1E h s l \/ 0.07 );\n\t\t\t\t\t--srfm-color-input-border: hsl( from #1E1E1E h s l \/ 0.25 );\n\t\t\t\t\t--srfm-color-input-border-disabled: hsl( from #1E1E1E h s l \/ 0.15 );\n\t\t\t\t\t--srfm-color-multi-choice-svg: hsl( from #1E1E1E h s l \/ 0.7 );\n\t\t\t\t\t--srfm-color-input-border-hover: hsl( from #111C44 h s l \/ 0.65 );\n\t\t\t\t\t--srfm-color-input-border-focus-glow: hsl( from #111C44 h s l \/ 0.15 );\n\t\t\t\t\t--srfm-color-input-selected: hsl( from #111C44 h s l \/ 0.1 );\n\t\t\t\t\t--srfm-btn-color-hover: hsl( from #111C44 h s l \/ 0.9 );\n\t\t\t\t\t--srfm-btn-color-disabled: hsl( from #111C44 h s l \/ 0.25 );\n\n\t\t\t\t\t\/* Dropdown Variables *\/\n\t\t\t\t\t--srfm-dropdown-input-background-hover: hsl( from #1E1E1E h s l \/ 0.05 );\n\t\t\t\t\t--srfm-dropdown-option-background-hover: hsl( from #1E1E1E h s l \/ 0.10 );\n\t\t\t\t\t--srfm-dropdown-option-background-selected: hsl( from #1E1E1E h s l \/ 0.05 );\n\t\t\t\t\t--srfm-dropdown-option-selected-icon: hsl( from #1E1E1E h s l \/ 0.65 );\n\t\t\t\t\t--srfm-dropdown-option-text-color: hsl( from #1E1E1E h s l \/ 0.80 );\n\t\t\t\t\t--srfm-dropdown-option-selected-text: #1E1E1E;\n\t\t\t\t\t--srfm-dropdown-badge-background: hsl( from #1E1E1E h s l \/ 0.05 );\n\t\t\t\t\t--srfm-dropdown-badge-background-hover: hsl( from #1E1E1E h s l \/ 0.10 );\n\t\t\t\t\t--srfm-dropdown-menu-border-color: hsl( from #1E1E1E h s l \/ 0.10 );\n\t\t\t\t\t--srfm-dropdown-placeholder-color: hsl( from #1E1E1E h s l \/ 0.50 );\n\t\t\t\t\t--srfm-dropdown-icon-color: hsl( from #1E1E1E h s l \/ 0.65 );\n\t\t\t\t\t--srfm-dropdown-icon-disabled: hsl( from #1E1E1E h s l \/ 0.25 );\n\n\t\t\t\t\t\/* Background Control Variables *\/\n\t\t\t\t\t--srfm-instant-form-padding-top: 32px;--srfm-instant-form-padding-right: 32px;--srfm-instant-form-padding-bottom: 32px;--srfm-instant-form-padding-left: 32px;--srfm-instant-form-border-radius-top: 12px;--srfm-instant-form-border-radius-right: 12px;--srfm-instant-form-border-radius-bottom: 12px;--srfm-instant-form-border-radius-left: 12px;--srfm-form-padding-top: 0px;--srfm-form-padding-right: 0px;--srfm-form-padding-bottom: 0px;--srfm-form-padding-left: 0px;--srfm-form-border-radius-top: 0px;--srfm-form-border-radius-right: 0px;--srfm-form-border-radius-bottom: 0px;--srfm-form-border-radius-left: 0px;--srfm-bg-color: #ffffff;--srfm-bg-overlay-opacity: 1;\t\t\t\t\t--srfm-row-gap-between-blocks: 18px;--srfm-address-label-font-size: 16px;--srfm-address-label-line-height: 24px;--srfm-address-description-font-size: 14px;--srfm-address-description-line-height: 20px;--srfm-col-gap-between-fields: 16px;--srfm-row-gap-between-fields: 16px;--srfm-gap-below-address-label: 14px;--srfm-dropdown-font-size: 14px;--srfm-dropdown-gap-between-input-menu: 4px;--srfm-dropdown-badge-padding: 2px 6px;--srfm-dropdown-multiselect-font-size: 12px;--srfm-dropdown-multiselect-line-height: 16px;--srfm-dropdown-padding-right: 12px;--srfm-dropdown-padding-right-icon: calc( var( --srfm-dropdown-padding-right ) + 20px );--srfm-dropdown-multiselect-padding: 8px var( --srfm-dropdown-padding-right-icon ) 8px 8px;--srfm-input-height: 44px;--srfm-input-field-padding: 10px 12px;--srfm-input-field-font-size: 16px;--srfm-input-field-line-height: 24px;--srfm-input-field-margin-top: 6px;--srfm-input-field-margin-bottom: 6px;--srfm-checkbox-label-font-size: 16px;--srfm-checkbox-label-line-height: 24px;--srfm-checkbox-description-font-size: 14px;--srfm-checkbox-description-line-height: 20px;--srfm-check-ctn-width: 16px;--srfm-check-ctn-height: 16px;--srfm-check-svg-size: 10px;--srfm-checkbox-margin-top-frontend: 4px;--srfm-checkbox-margin-top-editor: 6px;--srfm-check-gap: 8px;--srfm-checkbox-description-margin-left: 24px;--srfm-flag-section-padding: 10px 0 10px 12px;--srfm-gap-between-icon-text: 8px;--srfm-label-font-size: 16px;--srfm-label-line-height: 24px;--srfm-description-font-size: 14px;--srfm-description-line-height: 20px;--srfm-btn-padding: 10px 14px;--srfm-btn-font-size: 16px;--srfm-btn-line-height: 24px;--srfm-multi-choice-horizontal-padding: 20px;--srfm-multi-choice-vertical-padding: 20px;--srfm-multi-choice-internal-option-gap: 8px;--srfm-multi-choice-vertical-svg-size: 40px;--srfm-multi-choice-horizontal-image-size: 24px;--srfm-multi-choice-vertical-image-size: 120px;--srfm-multi-choice-outer-padding: 2px;\t\t\t\t}\n\t\t\t<\/style>\n\t\t\t\t\t\t\t<h2 class=\"srfm-form-title\">Rezervasyon Formu<\/h2>\n\t\t\t\t\t\t\t\t<form method=\"post\" enctype=\"multipart\/form-data\" id=\"srfm-form-1898\" class=\"srfm-form \"\n\t\t\t\tform-id=\"1898\" after-submission=\"hide form\" message-type=\"same page\" success-url=\"\" ajaxurl=\"https:\/\/cenderhotel.com.tr\/wp-admin\/admin-ajax.php\" data-submit-token=\"a4a7e92cd9b5fa3a02903651f72920b6ff78971527309d4c700157668d35f40d\"\n\t\t\t\t>\n\t\t\t\t\n\t\t\t\t<input type=\"hidden\" value=\"1898\" name=\"form-id\">\n\t\t\t\t<input type=\"hidden\" value=\"\" name=\"srfm-sender-email-field\" id=\"srfm-sender-email\">\n\t\t\t\t<input type=\"hidden\" value=\"\" id=\"srfm-page-break\">\n\t\t\t\t\t\t<p id=\"srfm-error-message\" class=\"srfm-common-error-message srfm-error-message srfm-head-error\" hidden>\t\t<span class=\"srfm-icon\" aria-hidden=\"true\">\n\t\t\t<svg xmlns='http:\/\/www.w3.org\/2000\/svg' width='20' height='20' fill='none'><path d='M9.99935 18.3327C14.6017 18.3327 18.3327 14.6017 18.3327 9.99935C18.3327 5.39698 14.6017 1.66602 9.99935 1.66602C5.39698 1.66602 1.66602 5.39698 1.66602 9.99935C1.66602 14.6017 5.39698 18.3327 9.99935 18.3327Z' stroke='currentColor' stroke-width='1.5' stroke-linecap='round' stroke-linejoin='round' \/><path d='M10 6.66602V9.99935' stroke='currentColor' stroke-width='1.5' stroke-linecap='round' stroke-linejoin='round' \/><path d='M10 13.334H10.0083' stroke='currentColor' stroke-width='1.5' stroke-linecap='round' stroke-linejoin='round' \/><\/svg>\t\t<\/span>\n\t\t<span class=\"srfm-error-content\">There was an error trying to submit your form. Please try again.<\/span><\/p>\n\t\t\t\t\t<div data-block-id=\"48d2439d\" class=\"srfm-block-single srfm-block srfm-input-block srf-input-48d2439d-block  srfm-block-width-100 srfm-slug-full-name 1898\" >\n\t\t\t\t\t\t\t\t<label id=\"srfm-label-48d2439d-lbl-QWQgU295YWQ\" for=\"srfm-input-48d2439d-lbl-QWQgU295YWQ\" class=\"srfm-block-label\">\n\t\t\t\t\t\tAd Soyad\t\t\t\t\t\t\t\t\t\t\t\t\t<span class=\"srfm-required\" aria-hidden=\"true\"> *<\/span>\n\t\t\t\t\t\t\t\t\t\t\t<\/label>\n\t\t\t\t\t\t\t\t\t\t\t\t<div class=\"srfm-block-wrap\">\n\t\t\t\t<input class=\"srfm-input-common srfm-input-input\" type=\"text\" name=\"srfm-input-48d2439d-lbl-QWQgU295YWQ-full-name\" id=\"srfm-input-48d2439d-lbl-QWQgU295YWQ\"\n\t\t\t\t\taria-describedby='srfm-error-48d2439d'\t\t\t\t\tdata-required=\"true\" aria-required=\"true\" data-unique=\"false\" maxlength=\"100\" value=\"\"  placeholder=\"L\u00fctfen kimli\u011finizde g\u00f6r\u00fcnd\u00fc\u011f\u00fc gibi tam ad\u0131n\u0131z\u0131 girin.\"  data-srfm-mask=\"none\"   \/>\n\t\t\t\t<\/div>\n\t\t\t\t<div class=\"srfm-error-wrap\">\n\t\t\t\t\t\t\t\t\t\t<div class=\"srfm-error-message\" data-srfm-id=\"srfm-error-48d2439d\" data-error-msg=\" Bu alan zorunludur.\" data-unique-msg=\"Value needs to be unique.\">\n\t\t\t\t\t\t Bu alan zorunludur.\t\t\t\t\t<\/div>\n\t\t\t\t\t\t\t\t\t<\/div>\n\t\t\t<\/div>\n\t\t\n\n\t\t\t<div data-block-id=\"3823a650\" class=\"srfm-block-single srfm-block srfm-email-block srf-email-3823a650-block  srfm-block-width-100 srfm-slug-email-address 1898 srfm-email-block-wrap\">\n\t\t\t\t<div class=\"srfm-email-block srf-email-3823a650-block\">\n\t\t\t\t\t\t\t\t\t\t<label id=\"srfm-label-3823a650-lbl-RXBvc3Rh\" for=\"srfm-email-3823a650-lbl-RXBvc3Rh\" class=\"srfm-block-label\">\n\t\t\t\t\t\tEposta\t\t\t\t\t\t\t\t\t\t\t\t\t<span class=\"srfm-required\" aria-hidden=\"true\"> *<\/span>\n\t\t\t\t\t\t\t\t\t\t\t<\/label>\n\t\t\t\t\t\t\t\t\t\t\t\t\t\t\t<div class=\"srfm-block-wrap\">\n\t\t\t\t\t\t<input class=\"srfm-input-common srfm-input-email\" type=\"email\" name=\"srfm-email-3823a650-lbl-RXBvc3Rh-email-address\" id=\"srfm-email-3823a650-lbl-RXBvc3Rh\"\n\t\t\t\t\t\taria-describedby='srfm-error-3823a650'\t\t\t\t\t\tdata-required=\"true\" aria-required=\"true\" data-unique=\"false\" value=\"\"  placeholder=\"Rezervasyon onay\u0131n\u0131z\u0131 buraya g\u00f6nderece\u011fiz.\"   \/>\n\t\t\t\t\t<\/div>\n\t\t\t\t\t<div class=\"srfm-error-wrap\">\n\t\t\t\t\t\t\t\t\t\t\t<div class=\"srfm-error-message\" data-srfm-id=\"srfm-error-3823a650\" data-error-msg=\" Bu alan zorunludur.\" data-unique-msg=\"Value needs to be unique.\">\n\t\t\t\t\t\t Bu alan zorunludur.\t\t\t\t\t<\/div>\n\t\t\t\t\t\t\t\t\t\t<\/div>\n\t\t\t\t<\/div>\n\t\t\t\t\t\t\t<\/div>\n\t\t\n\n\t\t<div data-block-id=\"c8ab5e28\" class=\"srfm-block-single srfm-block srfm-phone-block srf-phone-c8ab5e28-block srfm-block-width-100 1898\">\n\t\t\t\t\t\t\t\t<label id=\"srfm-label-c8ab5e28-lbl-UGhvbmUgTnVtYmVy\" for=\"srfm-phone-c8ab5e28-lbl-UGhvbmUgTnVtYmVy\" class=\"srfm-block-label\">\n\t\t\t\t\t\tPhone Number\t\t\t\t\t\t\t\t\t\t\t\t\t<span class=\"srfm-required\" aria-hidden=\"true\"> *<\/span>\n\t\t\t\t\t\t\t\t\t\t\t<\/label>\n\t\t\t\t\t\t\t\t\t\t\t<div class=\"srfm-block-wrap\">\n\t\t\t\t<input type=\"tel\"\n\t\t\t\t\tclass=\"srfm-input-common srfm-input-phone\"\n\t\t\t\t\tname=\"srfm-phone-c8ab5e28-lbl-UGhvbmUgTnVtYmVy-phone-number\"\n\t\t\t\t\tid=\"srfm-phone-c8ab5e28-lbl-UGhvbmUgTnVtYmVy\"\n\t\t\t\t\taria-describedby='srfm-error-c8ab5e28'\t\t\t\t\tdata-required=\"true\"\n\t\t\t\t\taria-required=\"true\"\n\t\t\t\t\tauto-country=\"true\"\n\t\t\t\t\tdefault-country=\"\"\n\t\t\t\t\t\t\t\t\t\tvalue=\"\"\n\t\t\t\t\t placeholder=\"L\u00fctfen bir ileti\u015fim numaras\u0131 verin.\" \t\t\t\t\tdata-unique=\"false\">\n\t\t\t<\/div>\n\t\t\t<div class=\"srfm-error-wrap\">\n\t\t\t\t\t\t\t\t\t<div class=\"srfm-error-message\" data-srfm-id=\"srfm-error-c8ab5e28\" data-error-msg=\" Bu alan zorunludur.\" data-unique-msg=\"Value needs to be unique.\">\n\t\t\t\t\t\t Bu alan zorunludur.\t\t\t\t\t<\/div>\n\t\t\t\t\t\t\t\t<\/div>\n\t\t<\/div>\n\t\t\n\n\t\t\t<div data-block-id=\"602780ca\" class=\"srfm-block-single srfm-block srfm-number-block srf-number-602780ca-block  srfm-block-width-100 srfm-slug-number-of-guests 1898\" >\n\t\t\t\t\t\t\t\t\t<label id=\"srfm-label-602780ca-lbl-TWlzYWZpciBTYXnEsXPEsQ\" for=\"srfm-number-602780ca-lbl-TWlzYWZpciBTYXnEsXPEsQ\" class=\"srfm-block-label\">\n\t\t\t\t\t\tMisafir Say\u0131s\u0131\t\t\t\t\t\t\t\t\t\t\t\t\t<span class=\"srfm-required\" aria-hidden=\"true\"> *<\/span>\n\t\t\t\t\t\t\t\t\t\t\t<\/label>\n\t\t\t\t\t\t\t\t\t\t\t\t\t<div class=\"srfm-block-wrap\">\n\t\t\t\t\t<div class=\"srfm-input-content\">\n\t\t\t\t\t\t\t\t\t\t\t\t<input class=\"srfm-input-common srfm-input-number\" type=\"text\" name=\"srfm-number-602780ca-lbl-TWlzYWZpciBTYXnEsXPEsQ-number-of-guests\" id=\"srfm-number-602780ca-lbl-TWlzYWZpciBTYXnEsXPEsQ\"\n\t\t\t\t\t\taria-describedby='srfm-error-602780ca'\t\t\t\t\t\tdata-required=\"true\" aria-required=\"true\"  placeholder=\"Ka\u00e7 misafir konaklayacak?\"  format-type=\"us-style\"   \/>\n\t\t\t\t\t\t\t\t\t\t\t<\/div>\n\t\t\t\t<\/div>\n\t\t\t\t<div class=\"srfm-error-wrap\">\n\t\t\t\t\t\t\t\t\t\t<div class=\"srfm-error-message\" data-srfm-id=\"srfm-error-602780ca\" data-error-msg=\" Bu alan zorunludur.\">\n\t\t\t\t\t\t Bu alan zorunludur.\t\t\t\t\t<\/div>\n\t\t\t\t\t\t\t\t\t<\/div>\n\t\t\t<\/div>\n\t\t\n\n\n\n\t\t\t<div data-block-id=\"23b7977a\" class=\"srfm-block-single srfm-block srfm-dropdown-block srf-dropdown-23b7977a-block  srfm-block-width-100 srfm-slug-room-type 1898\">\n\t\t\t\t<fieldset>\n\t\t\t\t\t<input class=\"srfm-input-dropdown-hidden\" data-required=\"true\" aria-required=\"true\"  name=\"srfm-dropdown-1-23b7977a-lbl-T2RhIFRpcGk-room-type\" type=\"hidden\" value=\"\"\/>\n\t\t\t\t\t<legend class=\"srfm-block-legend\">\n\t\t\t\t\t\t\t\t\t\t\tOda Tipi\t\t\t\t\t\t\t\t\t\t\t<span class=\"srfm-required\" aria-hidden=\"true\"> *<\/span>\n\t\t\t\t\t\t\t\t\t\t\t\t\t\t\t\t\t\t\t\t\t<\/legend>\n\t\t\t\t\t<div class=\"srfm-block-wrap srfm-dropdown-common-wrap\">\n\t\t\t\t\t\t\t\t\t\t<select\n\t\t\t\t\t\tclass=\"srfm-dropdown-common srfm-dropdown-input\"\n\t\t\t\t\t\taria-describedby='srfm-error-23b7977a'\t\t\t\tdata-required=\"true\" aria-required=\"true\"  name=\"srfm-dropdown-1-23b7977a-lbl-T2RhIFRpcGk-room-type\" data-multiple=\"false\" data-searchable=\"true\"\n\t\t\t\t\t\t\t\t\t\t\t\ttabindex=\"0\" aria-hidden=\"true\">\n\t\t\t\t\t<option class=\"srfm-dropdown-placeholder\" value=\"\" disabled selected>Tercih etti\u011finiz oda tipini se\u00e7in.<\/option>\n\t\t\t\t\t\t\t\t\t\t\t\t\t\t\t\t\t\t\t\t\t<option value=\"2 Ki\u015filik\" data-icon=\"\"  >2 Ki\u015filik<\/option>\n\t\t\t\t\t\t\t\t\t\t\t\t\t\t\t\t\t\t\t\t\t\t\t<option value=\"2+1 Ki\u015filik\" data-icon=\"\"  >2+1 Ki\u015filik<\/option>\n\t\t\t\t\t\t\t\t\t\t\t\t\t\t\t\t\t\t\t\t\t\t\t<option value=\"Suit\" data-icon=\"\"  >Suit<\/option>\n\t\t\t\t\t\t\t\t\t\t\t\t\t\t\t\t\t\t\t\t\t\t\t<option value=\"Aile Odas\u0131\" data-icon=\"\"  >Aile Odas\u0131<\/option>\n\t\t\t\t\t\t\t\t\t\t\t\t\t\t\t\t\t\t\t\t\t\t\t<option value=\"Engelli Odas\u0131\" data-icon=\"\"  >Engelli Odas\u0131<\/option>\n\t\t\t\t\t\t\t\t\t\t\t\t\t<\/select>\n\t\t\t\t\t\t\t\t\t\t<\/div>\n\t\t\t\t\t<div class=\"srfm-error-wrap\">\n\t\t\t\t\t\t\t\t\t\t\t<div class=\"srfm-error-message\" data-srfm-id=\"srfm-error-23b7977a\" data-error-msg=\" Bu alan zorunludur.\">\n\t\t\t\t\t\t Bu alan zorunludur.\t\t\t\t\t<\/div>\n\t\t\t\t\t\t\t\t\t\t<\/div>\n\t\t\t\t<\/fieldset>\n\t\t\t<\/div>\n\t\t\n\n\t\t<div data-block-id=\"459f5d2a\" class=\"srfm-block-single srfm-block srfm-textarea-block srf-textarea-459f5d2a-block  srfm-block-width-100 1898\">\n\t\t\t\t\t\t\t\t<label id=\"srfm-label-459f5d2a-lbl-w5Z6ZWwgxLBzdGVrbGVy-3638\" for=\"srfm-textarea-459f5d2a-lbl-w5Z6ZWwgxLBzdGVrbGVy-3638\" class=\"srfm-block-label\">\n\t\t\t\t\t\t\u00d6zel \u0130stekler\t\t\t\t\t\t\t\t\t\t\t<\/label>\n\t\t\t\t\t\t\t\t\t\t\t<div class=\"srfm-block-wrap\">\n\t\t\t\t<textarea\n\t\t\t\t\tclass=\"srfm-input-common srfm-input-textarea\"\n\t\t\t\t\tname=\"srfm-textarea-459f5d2a-lbl-w5Z6ZWwgxLBzdGVrbGVy-special-requests\"\n\t\t\t\t\tid=\"srfm-textarea-459f5d2a-lbl-w5Z6ZWwgxLBzdGVrbGVy-3638\"\n\t\t\t\t\taria-describedby='srfm-error-459f5d2a'\t\t\t\t\tdata-required=\"false\" aria-required=\"false\"  rows=\"4\"   placeholder=\"\u00d6zel istekleriniz varsa l\u00fctfen bize bildirin.\" \t\t\t\t\t\t\t\t\t\t\t\t\t\t\t><\/textarea>\n\t\t\t\t\t\t\t<\/div>\n\t\t\t<div class=\"srfm-error-wrap\">\n\t\t\t\t\t\t\t<\/div>\n\t\t<\/div>\n\n\t\t\n\n\t\t\t\t\t\t\t\t\t\t<div data-block-id=\"9405ae9b\" class=\" 1898 srf-inline-button-9405ae9b-block srfm-block-width-100 srfm-block srfm-custom-button-ctn \">\n\t\t\t\t\t\t\t\t<button style=\" font-family: inherit; font-weight: var(--wp--custom--font-weight--medium); line-height: normal;width:100%;\" id=\"srfm-submit-btn\" class=\"srfm-button srfm-submit-button srfm-btn-frontend srfm-custom-button\" >\n\t\t\t\t\t<div class=\"srfm-submit-wrap\">\n\t\t\t\t\t\tG\u00f6nder\t\t\t\t\t\t<div class=\"srfm-loader\"><\/div>\n\t\t\t\t\t<\/div>\n\t\t\t\t<\/button>\n\t\t\t\t<div class=\"srfm-error-wrap\"><\/div>\n\t\t\t<\/div>\n\t\t\t\t\t\t\t\t\t\n\t\t\t\t\t\n\t\t\t\t\t<div class=\"srfm-submit-container \" style=\"visibility:hidden;position:absolute;\">\n\t\t\t\t\t\t<div style=\"width: ; text-align: left\" class=\"wp-block-button\">\n\t\t\t\t\t\t\t\t\t\t\t\t\t\t\t\t\t\t\t\t\t\t\t\t<\/div>\n\t\t\t\t\t<\/div>\n\t\t\t\t\t\t\t<p id=\"srfm-error-message\" class=\"srfm-common-error-message srfm-error-message srfm-footer-error\" hidden>\t\t<span class=\"srfm-icon\" aria-hidden=\"true\">\n\t\t\t<svg xmlns='http:\/\/www.w3.org\/2000\/svg' width='20' height='20' fill='none'><path d='M9.99935 18.3327C14.6017 18.3327 18.3327 14.6017 18.3327 9.99935C18.3327 5.39698 14.6017 1.66602 9.99935 1.66602C5.39698 1.66602 1.66602 5.39698 1.66602 9.99935C1.66602 14.6017 5.39698 18.3327 9.99935 18.3327Z' stroke='currentColor' stroke-width='1.5' stroke-linecap='round' stroke-linejoin='round' \/><path d='M10 6.66602V9.99935' stroke='currentColor' stroke-width='1.5' stroke-linecap='round' stroke-linejoin='round' \/><path d='M10 13.334H10.0083' stroke='currentColor' stroke-width='1.5' stroke-linecap='round' stroke-linejoin='round' \/><\/svg>\t\t<\/span>\n\t\t<span class=\"srfm-error-content\">There was an error trying to submit your form. Please try again.<\/span><\/p>\n\t\t\t\t\t<\/form>\n\t\t\t<div class=\"srfm-single-form srfm-success-box in-page\">\n\t\t\t\t<div aria-live=\"polite\" aria-atomic=\"true\" role=\"alert\" id=\"srfm-success-message-page-1898\" class=\"srfm-success-box-description\"><\/div>\n\t\t\t<\/div>\n\t\t\t\t\t\t<\/div>\n\t\t\t\t<style><\/style>\n\t\t<script><\/script>\n\t\t\t\t\t\t<\/div>\n\t\t\t\t<\/div>\n\t\t\t\t<\/div>\n\t\t\t\t\t<\/div>\n\t\t\t\t<\/div>\n\t\t<div class=\"elementor-element elementor-element-a732c67 e-flex e-con-boxed e-con e-parent\" data-id=\"a732c67\" data-element_type=\"container\" data-e-type=\"container\">\n\t\t\t\t\t<div class=\"e-con-inner\">\n\t\t\t\t\t<\/div>\n\t\t\t\t<\/div>\n\t\t\t\t<\/div>\n\t\t","protected":false},"excerpt":{"rendered":"<p>Rezervasyon Formu There was an error trying to submit your form. Please try again. Ad Soyad * Bu alan zorunludur. Eposta * Bu alan zorunludur. Phone Number * Bu alan zorunludur. Misafir Say\u0131s\u0131 * Bu alan zorunludur. Oda Tipi * Tercih etti\u011finiz oda tipini se\u00e7in.2 Ki\u015filik2+1 Ki\u015filikSuitAile Odas\u0131Engelli Odas\u0131 Bu alan zorunludur. \u00d6zel \u0130stekler G\u00f6nder [&hellip;]<\/p>\n","protected":false},"author":1,"featured_media":0,"parent":0,"menu_order":0,"comment_status":"closed","ping_status":"closed","template":"","meta":{"site-sidebar-layout":"no-sidebar","site-content-layout":"page-builder","ast-site-content-layout":"default","site-content-style":"default","site-sidebar-style":"default","ast-global-header-display":"","ast-banner-title-visibility":"","ast-main-header-display":"","ast-hfb-above-header-display":"","ast-hfb-below-header-display":"","ast-hfb-mobile-header-display":"","site-post-title":"disabled","ast-breadcrumbs-content":"","ast-featured-img":"disabled","footer-sml-layout":"","ast-disable-related-posts":"","theme-transparent-header-meta":"enabled","adv-header-id-meta":"","stick-header-meta":"","header-above-stick-meta":"","header-main-stick-meta":"","header-below-stick-meta":"","astra-migrate-meta-layouts":"default","ast-page-background-enabled":"default","ast-page-background-meta":{"desktop":{"background-color":"","background-image":"","background-repeat":"repeat","background-position":"center center","background-size":"auto","background-attachment":"scroll","background-type":"","background-media":"","overlay-type":"","overlay-color":"","overlay-opacity":"","overlay-gradient":""},"tablet":{"background-color":"","background-image":"","background-repeat":"repeat","background-position":"center center","background-size":"auto","background-attachment":"scroll","background-type":"","background-media":"","overlay-type":"","overlay-color":"","overlay-opacity":"","overlay-gradient":""},"mobile":{"background-color":"","background-image":"","background-repeat":"repeat","background-position":"center center","background-size":"auto","background-attachment":"scroll","background-type":"","background-media":"","overlay-type":"","overlay-color":"","overlay-opacity":"","overlay-gradient":""}},"ast-content-background-meta":{"desktop":{"background-color":"var(--ast-global-color-5)","background-image":"","background-repeat":"repeat","background-position":"center center","background-size":"auto","background-attachment":"scroll","background-type":"","background-media":"","overlay-type":"","overlay-color":"","overlay-opacity":"","overlay-gradient":""},"tablet":{"background-color":"var(--ast-global-color-5)","background-image":"","background-repeat":"repeat","background-position":"center center","background-size":"auto","background-attachment":"scroll","background-type":"","background-media":"","overlay-type":"","overlay-color":"","overlay-opacity":"","overlay-gradient":""},"mobile":{"background-color":"var(--ast-global-color-5)","background-image":"","background-repeat":"repeat","background-position":"center center","background-size":"auto","background-attachment":"scroll","background-type":"","background-media":"","overlay-type":"","overlay-color":"","overlay-opacity":"","overlay-gradient":""}},"footnotes":""},"class_list":["post-1908","page","type-page","status-publish","hentry"],"_links":{"self":[{"href":"https:\/\/cenderhotel.com.tr\/index.php?rest_route=\/wp\/v2\/pages\/1908","targetHints":{"allow":["GET"]}}],"collection":[{"href":"https:\/\/cenderhotel.com.tr\/index.php?rest_route=\/wp\/v2\/pages"}],"about":[{"href":"https:\/\/cenderhotel.com.tr\/index.php?rest_route=\/wp\/v2\/types\/page"}],"author":[{"embeddable":true,"href":"https:\/\/cenderhotel.com.tr\/index.php?rest_route=\/wp\/v2\/users\/1"}],"replies":[{"embeddable":true,"href":"https:\/\/cenderhotel.com.tr\/index.php?rest_route=%2Fwp%2Fv2%2Fcomments&post=1908"}],"version-history":[{"count":14,"href":"https:\/\/cenderhotel.com.tr\/index.php?rest_route=\/wp\/v2\/pages\/1908\/revisions"}],"predecessor-version":[{"id":2278,"href":"https:\/\/cenderhotel.com.tr\/index.php?rest_route=\/wp\/v2\/pages\/1908\/revisions\/2278"}],"wp:attachment":[{"href":"https:\/\/cenderhotel.com.tr\/index.php?rest_route=%2Fwp%2Fv2%2Fmedia&parent=1908"}],"curies":[{"name":"wp","href":"https:\/\/api.w.org\/{rel}","templated":true}]}}